{"id":3239,"date":"2020-06-20T12:25:34","date_gmt":"2020-06-20T12:25:34","guid":{"rendered":"http:\/\/xn--diseowebtucuman-1qb.com.ar\/fau\/?page_id=3239"},"modified":"2020-06-20T12:26:48","modified_gmt":"2020-06-20T12:26:48","slug":"presentacion","status":"publish","type":"page","link":"http:\/\/xn--diseowebtucuman-1qb.com.ar\/fau\/presentacion\/","title":{"rendered":"Presentaci\u00f3n"},"content":{"rendered":"<p>La Misi\u00f3n Institucional de nuestra facultad est\u00e1 dirigida a <em>\u201cformar profesionales arquitectos con principios \u00e9ticos y solidaridad social, con actitud reflexiva, cr\u00edtica y de di\u00e1logo, comprometidos en generar, desarrollar y difundir el conocimiento que conforma la complejidad de su quehacer, con el fin de contribuir, a trav\u00e9s de la construcci\u00f3n del h\u00e1bitat, a la preservaci\u00f3n de los valores y las tradiciones propias, la defensa del medio ambiente y la calidad de vida de sus habitantes.\u201d<\/em><\/p>\n<p>Los contenidos curriculares b\u00e1sicos de esta carrera est\u00e1n dise\u00f1ados en funci\u00f3n del perfil profesional del graduado en arquitectura, el cual tiene en cuenta los requerimientos de las actividades profesionales reservadas a dicho t\u00edtulo, como as\u00ed tambi\u00e9n a los requerimientos de los nuevos escenarios que surgen de los cambios sociales, las nuevas tecnolog\u00edas, la construcci\u00f3n del h\u00e1bitat, la sustentabilidad, el impacto ambiental, la accesibilidad universal, preservando los valores y tradiciones propias. En tal sentido la instituci\u00f3n cumple con los criterios de calidad exigidos por la <strong>Resoluci\u00f3n Ministerial N\u00b0498\/2006.<\/strong><\/p>\n<p>El rumbo institucional y su identidad acad\u00e9mica &#8211; disciplinar, se pueden verificar en las actividades que desarrolla la instituci\u00f3n a trav\u00e9s de la <strong>gesti\u00f3n<\/strong>, la <strong>docencia<\/strong>, la <strong>investigaci\u00f3n<\/strong> y la <strong>extensi\u00f3n<\/strong>. Se trabaja en forma sostenida para:<\/p>\n<ul>\n<li>Desarrollar una propuesta institucional orientada a la producci\u00f3n de conocimientos socialmente significativos, apuntando a la calidad y la pertinencia de sus resultados, mediante criterios de flexibilidad e innovaci\u00f3n.<\/li>\n<li>Fortalecer y actualizar los conocimientos de formaci\u00f3n de los futuros profesionales arquitectos, as\u00ed como las pol\u00edticas, planes y estrategias para su implementaci\u00f3n.<\/li>\n<li>Insertar al profesional arquitecto en la regi\u00f3n con un rol activo, contribuyendo a su transformaci\u00f3n y desarrollo.<\/li>\n<li>Atender a la demanda del contexto promoviendo la formaci\u00f3n de profesionales solidarios y permeables a sus cambiantes condiciones, mediante la creaci\u00f3n, la innovaci\u00f3n, la cr\u00edtica y la reflexi\u00f3n.<\/li>\n<li>Incorporar los problemas de la realidad, integrando espacios para la formaci\u00f3n, la investigaci\u00f3n, la extensi\u00f3n y la transferencia al medio.<\/li>\n<\/ul>\n<p>Resolver con responsabilidad \u00e9tica la dualidad entre lo global y lo regional, entre la tradici\u00f3n hist\u00f3rica y cultural y la sociedad postmoderna, como otra de las demandas que los tiempos reclaman de los arquitectos.<\/p>\n<hr \/>\n<div><\/div>\n<h4>La FAU hoy&#8230;<\/h4>\n<div>\n<div class=\"text\">\n<p>La carrera de Arquitectura y Urbanismo tiene una influencia importante en la Regi\u00f3n del NOA. Con un plantel de 262 docentes-investigadores, 82 personas de apoyo a\u00a0 la actividad acad\u00e9mica y cerca de 3000 estudiantes que abordan cada d\u00eda actividades de docencia, investigaci\u00f3n, extensi\u00f3n y gesti\u00f3n.<\/p>\n\n<\/div>\n<\/div>\n","protected":false},"excerpt":{"rendered":"<p>La Misi\u00f3n Institucional de nuestra facultad est\u00e1 dirigida a \u201cformar profesionales arquitectos con principios \u00e9ticos y solidaridad social, con actitud [&hellip;]<\/p>\n","protected":false},"author":1,"featured_media":1126,"parent":0,"menu_order":0,"comment_status":"closed","ping_status":"closed","template":"","meta":{"footnotes":"","_links_to":"","_links_to_target":""},"categories":[],"tags":[],"class_list":["post-3239","page","type-page","status-publish","has-post-thumbnail","hentry"],"_links":{"self":[{"href":"http:\/\/xn--diseowebtucuman-1qb.com.ar\/fau\/wp-json\/wp\/v2\/pages\/3239","targetHints":{"allow":["GET"]}}],"collection":[{"href":"http:\/\/xn--diseowebtucuman-1qb.com.ar\/fau\/wp-json\/wp\/v2\/pages"}],"about":[{"href":"http:\/\/xn--diseowebtucuman-1qb.com.ar\/fau\/wp-json\/wp\/v2\/types\/page"}],"author":[{"embeddable":true,"href":"http:\/\/xn--diseowebtucuman-1qb.com.ar\/fau\/wp-json\/wp\/v2\/users\/1"}],"replies":[{"embeddable":true,"href":"http:\/\/xn--diseowebtucuman-1qb.com.ar\/fau\/wp-json\/wp\/v2\/comments?post=3239"}],"version-history":[{"count":1,"href":"http:\/\/xn--diseowebtucuman-1qb.com.ar\/fau\/wp-json\/wp\/v2\/pages\/3239\/revisions"}],"predecessor-version":[{"id":3240,"href":"http:\/\/xn--diseowebtucuman-1qb.com.ar\/fau\/wp-json\/wp\/v2\/pages\/3239\/revisions\/3240"}],"wp:featuredmedia":[{"embeddable":true,"href":"http:\/\/xn--diseowebtucuman-1qb.com.ar\/fau\/wp-json\/wp\/v2\/media\/1126"}],"wp:attachment":[{"href":"http:\/\/xn--diseowebtucuman-1qb.com.ar\/fau\/wp-json\/wp\/v2\/media?parent=3239"}],"wp:term":[{"taxonomy":"category","embeddable":true,"href":"http:\/\/xn--diseowebtucuman-1qb.com.ar\/fau\/wp-json\/wp\/v2\/categories?post=3239"},{"taxonomy":"post_tag","embeddable":true,"href":"http:\/\/xn--diseowebtucuman-1qb.com.ar\/fau\/wp-json\/wp\/v2\/tags?post=3239"}],"curies":[{"name":"wp","href":"https:\/\/api.w.org\/{rel}","templated":true}]}}