{"id":3236,"date":"2020-06-20T12:16:28","date_gmt":"2020-06-20T12:16:28","guid":{"rendered":"http:\/\/xn--diseowebtucuman-1qb.com.ar\/fau\/?page_id=3236"},"modified":"2020-06-20T12:18:06","modified_gmt":"2020-06-20T12:18:06","slug":"secretarias-del-gabinete-fau","status":"publish","type":"page","link":"http:\/\/xn--diseowebtucuman-1qb.com.ar\/fau\/secretarias-del-gabinete-fau\/","title":{"rendered":"Secretar\u00edas del Gabinete FAU"},"content":{"rendered":"<h1 class=\"title\">Secretar\u00edas<\/h1>\n<p>La nueva conducci\u00f3n de la facultad, iniciada en Mayo de 2018, realiz\u00f3 una serie de cambios en la estructura de funcionamiento de la unidad acad\u00e9mica, creando dos nuevas de las secretar\u00edas de facultad, que son las v\u00edas por d\u00f3nde se canalizan la mayor\u00eda de las actividades que lleva adelante la gesti\u00f3n, pero tambi\u00e9n tres nuevas \u00e1reas que complementan con su accionar el funcionamiento institucional. La Secretar\u00eda de Planificaci\u00f3n y Actualizaci\u00f3n Curricular, fundamentalmente para revisi\u00f3n y ajuste del actual Plan de Estudios y la\u00a0Secretar\u00eda de Graduados para mejorar y fortalecer el v\u00ednculo con los graduados de la FAU.<\/p>\n<p>Paralelamente se crean tres nuevas \u00e1reas, la Unidad de Infraestructura y Log\u00edstica y el \u00e1rea de Gesti\u00f3n de Concursos y de Convenios, bajo la dependencia del Decanato y el Area de Comunicaci\u00f3n Institucional y de Medios Audiovisuales, bajo la dependencia del Vicedecanato,<\/p>\n<p>A trav\u00e9s de estas nuevas coordinaciones se intentan fortalecer actividades fundamentales para el funcionamiento acad\u00e9mico, administrativo, del espacio f\u00edsico y de la comunicaci\u00f3n institucional interna y externa.<\/p>\n<hr \/>\n<h3>Secretar\u00eda de Asuntos Acad\u00e9micos<\/h3>\n<p>La Secretar\u00eda de Asuntos Acad\u00e9micos de la FAU tiene la misi\u00f3n de asistir a Decanato en todo lo relacionado con las actividades acad\u00e9micas de esta Casa, entre las que\u00a0 cabe se\u00f1alar:<\/p>\n<ul>\n<li>Participar en la elaboraci\u00f3n de proyectos de Reglamentos del \u00e1rea. Entender y colaborar con la Secretar\u00eda de Actualizaci\u00f3n y Revisi\u00f3n Curricular en todo lo referente a Planes de Estudio, programas de ense\u00f1anza y cursos de perfeccionamiento y al desarrollo de la ense\u00f1anza en la Facultad.<\/li>\n<li>Asistir al se\u00f1or Decano en todo lo atinente al llamado y sustanciaci\u00f3n de Concursos de Profesores y de Docentes Auxiliares.<\/li>\n<li>Entender en las designaciones de personal docente por Concurso o Evaluaciones Acad\u00e9micas.<\/li>\n<li>Entender en las pr\u00f3rrogas de designaci\u00f3n del personal docente, por vencimiento o por desempe\u00f1o como Autoridad.<\/li>\n<li>Participar en la tramitaci\u00f3n correspondiente a rev\u00e1lidas de t\u00edtulos extranjeros y de estudios efectuados en otras Universidades argentinas o extranjeras.<\/li>\n<li>Brindar asesoramiento al alumno en su vida universitaria, realizar seguimiento del comportamiento de los estudiantes de la Casa, extranjeros o de intercambio, mediante estad\u00edsticas obtenidas de Direcci\u00f3n Alumnos para asesoramiento a la Gesti\u00f3n.<\/li>\n<li>Proponer el Calendario Acad\u00e9mico, entender en la conformaci\u00f3n de los Tribunales Examinadores<\/li>\n<li>Entender en la tramitaci\u00f3n de becas estudiantiles y de movilidad docente para lo que se ocupa de la convocatoria, inscripci\u00f3n de interesados y designaci\u00f3n de la Comisi\u00f3n Evaluadora. Supervisa las becas estudiantiles que se tramitan\u00a0 en la Secretar\u00eda de Bienestar Estudiantil.<\/li>\n<li>Entender en la supervisi\u00f3n de la difusi\u00f3n de los actos acad\u00e9micos de la Facultad.<\/li>\n<li>Supervisar la gesti\u00f3n de las \u00c1reas: Direcci\u00f3n Alumnos, Departamento Concursos, Biblioteca y Departamento de Tecnolog\u00edas de la Informaci\u00f3n.<\/li>\n<\/ul>\n<h6>Por lo que su estructura de funcionamiento tiene injerencia en las siguientes \u00e1reas:<\/h6>\n<p>Direcci\u00f3n Acad\u00e9mica: se encarga de todos los procedimientos que se generan e ingresan a la Secretar\u00eda de las otras \u00e1reas que dependen de ella.\u00a0 Entre las cuales se pueden mencionar la atenci\u00f3n de la problem\u00e1tica de estudiantes y docentes en cuestiones acad\u00e9micas administrativas,\u00a0 la interacci\u00f3n con dependencias de Rectorado, la vinculaci\u00f3n con la Direcci\u00f3n de T\u00edtulos de Rectorado, el asesoramiento\u00a0 y control de la documentaci\u00f3n y el seguimiento de tr\u00e1mites de t\u00edtulos, de la carga en SIPES (Sistema de implementaci\u00f3n de planes de estudios), la tramitaci\u00f3n de equivalencias de materias y de electivas externas como as\u00ed tambi\u00e9n pases de alumnos, el control de la redacci\u00f3n y contenido de las providencias resolutivas emanadas de la Secretar\u00eda de Comisiones del HCD de a acuerdo a norma y voluntad del Cuerpo. Tambi\u00e9n funcionan bajo su \u00f3rbita el Departamento de Concursos\u00a0 y el Despacho Acad\u00e9mico. El primero se ocupa de Concursos Docentes de cargos regulares, Evaluaciones acad\u00e9micas y de Seminarios de Preiniciaci\u00f3n a la Docencia e Investigaci\u00f3n, mientras que el segundo tiene a cargo la situaci\u00f3n de revista de los cargos docentes, las disposiciones acad\u00e9micas y las disposiciones del Honorable Consejo Directivo.<\/p>\n<p>Direcci\u00f3n Alumnos:\u00a0 en ella se tramitan las inscripciones y reinscripciones de los estudiantes, inscripciones al cursado y mesas de ex\u00e1menes\u00a0 de todas las asignaturas. Se emiten certificados parciales de estudios y Constancias para los alumnos inscriptos en la Facultad, Certificados a Alumnos Vocacionales y documentaci\u00f3n a alumnos extranjeros o de intercambio (por Programa MARCA, JIMA o ESCALA). Por Departamento T\u00edtulos de esta \u00c1rea se tramita la expedici\u00f3n de Diploma y Certificado Final de Estudios, Pases a otras Facultades de la UNT u otras Universidades del pa\u00eds o extranjero. Asimismo, se confecciona toda documentaci\u00f3n para la homologaci\u00f3n del T\u00edtulo en el extranjero.<\/p>\n<p>Secretar\u00eda de Comisiones del Honorable Consejo Directivo:\u00a0 realiza la atenci\u00f3n de Comisiones que forman el Cuerpo Directivo de la Facultad. Desgraba sesiones y confecciona Actas correspondientes. Confecciona de Providencias de lo resuelto por el HCD para posterior elaboraci\u00f3n de Resoluciones en la Secretar\u00eda de Asuntos Acad\u00e9micos. Confecci\u00f3n de Resoluciones aprobatorias de las Resoluciones dictadas Ad-Referendum del HCD.<\/p>\n<p>Direcci\u00f3n de Biblioteca:\u00a0 realiza el registro, pr\u00e9stamo, informatizaci\u00f3n de material bibliogr\u00e1fico a alumnos y docentes. Realiza la digitalizaci\u00f3n de proyectos finales, de tesis de posgrado y pr\u00e9stamo de equipos multimedia. Informa al personal docente de nuevas adquisiciones bibliogr\u00e1ficas.<\/p>\n<hr \/>\n<h3>Secretar\u00eda de Gesti\u00f3n Administrativa<\/h3>\n<h6><strong>Misi\u00f3n<\/strong><\/h6>\n<p>La Secretar\u00eda de Gesti\u00f3n Administrativa tiene por misi\u00f3n la gesti\u00f3n de los asuntos de car\u00e1cter administrativo, econ\u00f3mico, financiero, presupuestario, contractual, patrimonial y\/o de recursos humanos, priorizando el servicio a la comunidad universitaria y la transparencia en cada acto de gobierno. Fundamentalmente es la estructura sobre la cual se apoyan las distintas \u00e1reas de la Facultad para el logro de las metas y objetivos de las Secretar\u00edas que componen el gabinete.<\/p>\n<h6><strong>Objetivos<\/strong><\/h6>\n<ul>\n<li>Optimizar la administraci\u00f3n de los recursos presupuestarios y la ejecuci\u00f3n financiera de los mismos.<\/li>\n<li>Consolidar la transparencia y oportunidad del procedimiento de rendiciones de cuentas de los fondos p\u00fablicos.<\/li>\n<li>Fortalecer los procesos administrativos en general procurando su legalidad, econom\u00eda, eficiencia y eficacia.<\/li>\n<li>Promover el desarrollo de un adecuado sistema de control interno.<\/li>\n<li>Abrir canales de informaci\u00f3n y comunicaci\u00f3n de la gesti\u00f3n administrativa con la comunidad.<\/li>\n<li>Perfeccionar los sistemas de informaci\u00f3n de la FAU a fin de disponer de informaci\u00f3n \u00edntegra, oportuna y pertinente para la toma de decisiones.<\/li>\n<li>Mejorar la infraestructura edilicia, las instalaciones, los bienes y\/o espacios f\u00edsicos de la Facultad, procurando un ambiente adecuado y seguro para el desarrollo de las actividades de grado, posgrado, investigaci\u00f3n y extensi\u00f3n.<\/li>\n<li>Procurar una adecuada disponibilidad de equipamientos y tecnolog\u00eda para el desarrollo de las actividades propias de la Facultad.<\/li>\n<li>Concientizar sobre la importancia de la limpieza, cuidado y adecuada utilizaci\u00f3n de los bienes de la Facultad, para mejorar su rendimiento.<\/li>\n<li>Promover la participaci\u00f3n activa y comprometida del personal administrativo y de apoyo con la gesti\u00f3n de la Facultad. Fomentar el desarrollo de competencias y habilidades de dicho personal, contribuyendo a su jerarquizaci\u00f3n y crecimiento personal e integral. Desarrollar procesos de capacitaci\u00f3n y perfeccionamiento permanente, en funci\u00f3n de intereses, necesidades y expectativas personales e institucionales.<\/li>\n<li>Generar espacios de sociabilizaci\u00f3n e integraci\u00f3n en la comunidad de la Facultad, fortaleciendo el sentido de pertenencia y el compromiso con la misma.<\/li>\n<\/ul>\n<h6><strong>Funciones<\/strong><\/h6>\n<ul>\n<li>Responsable de los aspectos econ\u00f3mico-financieros, presupuestarios, patrimoniales, de compras y contrataciones, recursos humanos, gesti\u00f3n de expedientes y actuaciones, despacho, archivo, mantenimiento edilicio, seguridad, etc.<\/li>\n<li>Planificar, administrar, controlar, rendir cuentas y evaluar la gesti\u00f3n de los recursos econ\u00f3micos y financieros de la Facultad.<\/li>\n<li>Formular y proponer el presupuesto de la Facultad, al Sr. Decano, y por su intermedio al Honorable Consejo Directivo. Supervisar los estados de ejecuci\u00f3n presupuestaria de la Facultad.<\/li>\n<li>Realizar la planificaci\u00f3n, administraci\u00f3n, seguimiento y control de todos los conceptos de ingresos y gastos de la Facultad.<\/li>\n<li>Participar en la elaboraci\u00f3n de los proyectos de reglamentaciones y resoluciones.<\/li>\n<li>Dirigir al personal nodocente de la Facultad y evaluar el cumplimiento de la normativa aplicable vigente.<\/li>\n<li>Dirigir la ejecuci\u00f3n de la pol\u00edtica de compras y contrataciones de la Facultad, atendiendo las necesidades de los diferentes \u00e1mbitos de la misma.<\/li>\n<li>Coordinar y controlar las acciones de prevenci\u00f3n, y control, en lo relativo a la higiene y seguridad en el trabajo.<\/li>\n<li>Asistir y asesorar a las distintas Secretar\u00edas, acerca de los actos administrativos.<\/li>\n<li>Evaluar el desarrollo de las distintas funciones, procesos, proyectos y programas.<\/li>\n<\/ul>\n<hr \/>\n<h3>Secretar\u00eda de Investigaci\u00f3n y Posgrado<\/h3>\n<p>Su misi\u00f3n es entender en todos los asuntos relacionados con la formulaci\u00f3n, promoci\u00f3n y gesti\u00f3n de las actividades de Investigaci\u00f3n y Posgrado de la Facultad. Entre sus funciones est\u00e1 la de colaborar con el Decanato en lo referente a la elaboraci\u00f3n de una pol\u00edtica cient\u00edfica de la Facultad, entender en las relaciones de la Facultad con el Consejo de Investigaciones y del Consejo de Posgrado de la UNT, vincularse con organismos nacionales o extranjeros de promoci\u00f3n y apoyo a la investigaci\u00f3n cient\u00edfica, promover la publicaci\u00f3n y difusi\u00f3n de las investigaciones cient\u00edficas realizadas en el \u00e1mbito de la Facultad, brindar asistencia a los docentes e investigadores en lo relacionado con la tramitaci\u00f3n y administraci\u00f3n de becas y subsidios y promover la participaci\u00f3n de docentes, alumnos y graduados en las actividades de investigaci\u00f3n y transferencia.<\/p>\n<p>La Secretar\u00eda funciona con un Consejo de Investigaci\u00f3n y Posgrado conformado por un representante de cada instituto de la FAU y un egresado propuesto por el Colegio de Arquitectos de Tucum\u00e1n. Se re\u00fane peri\u00f3dicamente cada 15 d\u00edas y tiene como funci\u00f3n asesorar sobre las pol\u00edticas en materia de investigaci\u00f3n y posgrado de la FAU al aconsejar en los temas que le son propios al Honorable Consejo Directivo de la FAU.<\/p>\n<p>Relaci\u00f3n con el \u00c1rea de Posgrado de la UNT<\/p>\n<p>La FAU mantiene una participaci\u00f3n activa y sostenida en los Consejos de Investigaci\u00f3n y de Posgrado de la UNT. Esta est\u00e1 cubierta por la Secretaria de Investigaci\u00f3n y Posgrado y de esta forma se mantiene actualizada la adecuaci\u00f3n a los temas emergentes y las discusiones que se suscitan. A la vez, a trav\u00e9s\u00a0 del Consejo de Investigaci\u00f3n y Posgrado de la FAU, se establece un canal directo con los representantes de docentes investigadores nucleados en los Institutos de la FAU, as\u00ed como del Colegio de Arquitectos, tanto para actualizaci\u00f3n como para conocer la problem\u00e1tica propia y llevarla a nivel de UNT.<\/p>\n<p>Son objetivos de la gesti\u00f3n:<\/p>\n<ul>\n<li>Acrecentar la oferta del posgrado, promoviendo la creaci\u00f3n de carreras propias y apoyando la capacitaci\u00f3n y el perfeccionamiento acad\u00e9mico de docentes, egresados y estudiantes en centros de estudio nacionales y extranjeros.<\/li>\n<li>Tambi\u00e9n propiciar la divulgaci\u00f3n y el reconocimiento de las experiencias docentes, de investigaci\u00f3n y de extensi\u00f3n.<\/li>\n<li>Sistematizar la discusi\u00f3n de los contenidos inherentes a un pensamiento disciplinar inscripto en las cotas de nuestra realidad local y contempor\u00e1nea.<\/li>\n<\/ul>\n<p>La FAU cuenta con diversos centros de investigaci\u00f3n de alto nivel en diversas l\u00edneas espec\u00edficas. Son tambi\u00e9n un recurso de apoyo a la investigaci\u00f3n con equipamiento y licencias que les permiten sostener una activa oferta de servicios al medio. Las estructuras funcionales son din\u00e1micas y variadas y las tem\u00e1ticas que investigan pueden advertirse a partir de sus propias denominaciones. Entre ellos:<\/p>\n<ul>\n<li>CRIATIC (Centro Regional de Investigaciones de Arquitectura de Tierra Cruda)<\/li>\n<li>LABORATORIO DE ACONDICIONAMIENTO AMBIENTAL.<\/li>\n<li>LEME\u00a0 (Laboratorio de Materiales y Elementos de Edificios):<\/li>\n<li>OFUT (Observatorio de Fen\u00f3menos Urbanos Territoriales).<\/li>\n<li>INSTITUTO DE HISTORIA Y PATRIMONIO<\/li>\n<li>CENTRO DOCUMENTAL DE LA ARQUITECTURA DEL NOA.<\/li>\n<li>CETYHAP (Centro de Estudios del Territorio y H\u00e1bitat Popular)<\/li>\n<li>CEEHAS (Centro de Estudios de Energ\u00eda, Habitabilidad y Arquitectura Sustentable).<\/li>\n<\/ul>\n<hr \/>\n<h3>Secretar\u00eda de Extensi\u00f3n<\/h3>\n<p>Con la creaci\u00f3n de la Secretar\u00eda de Extensi\u00f3n de la FAU de la UNT, en el mes Junio de 2.002,\u00a0 se ha demostrado nuestro inter\u00e9s en la promoci\u00f3n y apoyo al desarrollo de actividades de Extensi\u00f3n Universitaria en la misma, generando e impulsando acciones de intercambio de saberes, de asistencia t\u00e9cnica y de brindar servicios al medio local y regional.<\/p>\n<p>Con el objetivo de promover la vinculaci\u00f3n de la FAU de la UNT con la comunidad, con organismos p\u00fablicos y\/o\u00a0 empresas privadas, a la vez de promover la incorporaci\u00f3n de las actividades extensionistas, al proceso pedag\u00f3gico de la carrera, desde la Secretar\u00eda de Extensi\u00f3n de la FAU de la UNT, se dise\u00f1aron e implementaron los sistemas de proyectos, pr\u00e1cticas profesionales y cursos de extensi\u00f3n que constituyen un espacio institucional donde se generan acciones tendientes a promover el mejoramiento de la calidad de vida de aquellos sectores de la sociedad que por sus propios medios no pueden recurrir al asesoramiento de un arquitecto y constituye la oferta de la FAU de la UNT para sus alumnos en una orientaci\u00f3n social y de servicio a la comunidad y de\u00a0 la \u201cPr\u00e1ctica Profesional Supervisada de Estudiantes de Arquitectura\u201d, la cual contiene a las actividades desarrolladas por los alumnos en organismos externos, en donde, como una extensi\u00f3n del sistema de ense\u00f1anza hacia el medio, los estudiantes realizan actividades organizadas, coordinadas y evaluadas en forma conjunta entre la FAU de la UNT y\u00a0 dichos organismos.<\/p>\n<p>La FAU de la UNT cuenta, desde entonces, con numerosos docentes e investigadores, alumnos y no doecentes que desarrollan proyectos de extensi\u00f3n, muchos de ellos acreditados y financiados por organismos externos, otros acreditados y reconocidos por la FAU, a trav\u00e9s de su normativa vigente\u00a0 y otras en el marco de proyectos de investigaci\u00f3n y\/o actividades de docencia.<\/p>\n<hr \/>\n<h3>Secretar\u00eda de Planificaci\u00f3n y Actualizaci\u00f3n Curricular<\/h3>\n<p>La Secretar\u00eda de Planificaci\u00f3n y Actualizaci\u00f3n Curricular tiene como misi\u00f3n contribuir a definir lineamientos, proyectos y estrategias, que, traducidas en acciones e instrumentos, promuevan la constante mejora de las pol\u00edticas acad\u00e9micas y sus pr\u00e1cticas, en un marco Institucional de desarrollo integral y de participaci\u00f3n colectiva. Las propuestas se enmarcar\u00e1n dentro de un Plan de Desarrollo Estrat\u00e9gico din\u00e1mico y receptor de los consensos logrados en el corto, mediano y largo plazo.<\/p>\n<p>Antecedentes<\/p>\n<p>El antecedente inmediato a la creaci\u00f3n de la Secretar\u00eda de Planificaci\u00f3n y Actualizaci\u00f3n Curricular lo constituye el Observatorio Institucional. Los siguientes p\u00e1rrafos dan cuenta del contexto en el que fue creado y de su importancia Institucional.<\/p>\n<p>Considerando que hasta la fecha se han realizado experiencias para la implementaci\u00f3n, seguimiento y evaluaci\u00f3n del Plan de Estudios, a cargo de las Comisiones de implementaci\u00f3n y seguimiento del Plan de Estudios Resoluci\u00f3n HCD N\u00b0 0882007\u00a0 y Comisi\u00f3n de Autoevaluaci\u00f3n del Plan de Estudios Resoluci\u00f3n HCD N\u00b0 0902007, y que las acciones e informes de las Comisiones citadas plantean la necesidad de realizar un registro sistem\u00e1tico y permanente de la din\u00e1mica acad\u00e9mica institucional que permita, no solo responder a lo solicitado por los organismos de evaluaci\u00f3n de carreras, sino contribuir a establecer pol\u00edticas, planes, proyectos y estrategias que aseguren la eficacia y eficiencia de su funcionamiento.<\/p>\n<p>Entendemos que resulta necesario institucionalizar esta actividad acad\u00e9mica mediante la creaci\u00f3n de un \u201cObservatorio Institucional\u201d destinado a los fines mencionados reemplazando las funciones de las Comisiones de implementaci\u00f3n y seguimiento del Plan de Estudios (Resoluci\u00f3n HCD N\u00b0 0882007) y Comisi\u00f3n de Autoevaluaci\u00f3n del Plan de Estudios (Resoluci\u00f3n HCD N\u00b0 0902007) y dar por concluida su actividad a dichas comisiones a partir del 30 de mayo de 2016.<\/p>\n<p>Seg\u00fan se consigna, los objetivos del Observatorio eran:<\/p>\n<ul>\n<li>Mantener las relaciones institucionales con la Comisi\u00f3n Nacional de Evaluaci\u00f3n y Acreditaci\u00f3n<\/li>\n<li>Generar la Documentaci\u00f3n T\u00e9cnica requerida por los procesos de autoevaluaci\u00f3n permanente, de acuerdo a la\u00a0 normativa vigente en la materia<\/li>\n<li>Realizar el seguimiento de los planes de mejoramiento y las evaluaciones de impacto de las acciones proyectadas<\/li>\n<li>Administrar estad\u00edsticas utilizadas como soporte de decisi\u00f3n<\/li>\n<li>Confeccionar las memorias anuales<\/li>\n<li>Gestionar el sistema de documentaci\u00f3n controlada de la Unidad Acad\u00e9mica<\/li>\n<\/ul>\n<p>La creaci\u00f3n de la Secretar\u00eda supone retomar los objetivos planteados, jerarquizarlos y ampliarlos.<\/p>\n<p>El 1\u00ba de Agosto de 2018, con el nombramiento de la Mg. Arq. Claudia Alejandra Abdelnur (Res.N\u00ba 322\/18) comienza a funcionar como Secretar\u00eda. Adquiere autonom\u00eda y ampl\u00eda sus funciones.<\/p>\n<p><strong>Funciones<\/strong><\/p>\n<p>Se suman a los objetivos del Observatorio Institucional, los siguientes, formulados como funciones pues implican un accionar proactivo permanente:<\/p>\n<ul>\n<li>Elaborar un Plan de Desarrollo Estrat\u00e9gico, que involucre m\u00faltiples miradas, tendiente a mejorar la calidad de la oferta acad\u00e9mica.<\/li>\n<li>Revisar el Plan de Estudio vigente e implementar los ajustes que correspondan para corregir las dificultades detectadas a partir de las sucesivas acreditaciones.<\/li>\n<li>Implementar dispositivos acad\u00e9micos apropiados para el monitoreo del Plan de Estudios.<\/li>\n<li>Impulsar pol\u00edticas de evaluaci\u00f3n permanente que incorporen a los diversos actores de la din\u00e1mica Institucional.<\/li>\n<li>Gestionar mejoras para\u00a0 la integraci\u00f3n horizontal y vertical de los contenidos del plan de estudios, promoviendo\u00a0 la participaci\u00f3n de docentes y alumnos en la toma de decisiones.<\/li>\n<li>Desarrollar pol\u00edticas de formaci\u00f3n docente tendiente a la mejora de la calidad acad\u00e9mica.<\/li>\n<\/ul>\n<hr \/>\n<h3>Secretar\u00eda de Graduados<\/h3>\n<p>La Secretar\u00eda de Graduados es de reciente creaci\u00f3n como unidad aut\u00f3noma (Agosto de 2018).Si bien sus alcances y atribuciones est\u00e1n siendo redefinidas, entre sus objetivos principales est\u00e1n los de mejorar y fortalecer el v\u00ednculo con los graduados de la FAU, de manera de poder evaluar su desempe\u00f1o, utilizando sus experiencias y diagn\u00f3sticos, como insumos que permitan repensar los ajustes necesarios en el rumbo de la carrera.<\/p>\n<hr \/>\n<h3>Secretar\u00eda de Asuntos Estudiantiles<\/h3>\n<p>Los objetivos de esta secretar\u00eda son:<\/p>\n<ul>\n<li>Promover la pertenencia a la comunidad universitaria entre las\/los estudiantes.<\/li>\n<li>Generar pr\u00e1cticas solidarias entre las\/los miembros de la comunidad universitaria enfocando al grupo estudiantil.<\/li>\n<li>Asistir a las\/los alumnos en la resoluci\u00f3n de problemas propios de la vida acad\u00e9mica, articular con los estamentos docente y no docente, para mejorar la calidad de vida universitaria.<\/li>\n<li>Generar y promocionar actividades de intercambio acad\u00e9mico, actualizaci\u00f3n t\u00e9cnica, viajes de estudio, exposici\u00f3n de producci\u00f3n curricular y extra curricular, pr\u00e1cticas art\u00edsticas y deportivas, entre los estudiantes de la FAU.<\/li>\n<\/ul>\n<hr \/>\n<div><\/div>\n","protected":false},"excerpt":{"rendered":"<p>Secretar\u00edas La nueva conducci\u00f3n de la facultad, iniciada en Mayo de 2018, realiz\u00f3 una serie de cambios en la estructura [&hellip;]<\/p>\n","protected":false},"author":1,"featured_media":1152,"parent":0,"menu_order":0,"comment_status":"closed","ping_status":"closed","template":"","meta":{"footnotes":"","_links_to":"","_links_to_target":""},"categories":[],"tags":[],"class_list":["post-3236","page","type-page","status-publish","has-post-thumbnail","hentry"],"_links":{"self":[{"href":"http:\/\/xn--diseowebtucuman-1qb.com.ar\/fau\/wp-json\/wp\/v2\/pages\/3236","targetHints":{"allow":["GET"]}}],"collection":[{"href":"http:\/\/xn--diseowebtucuman-1qb.com.ar\/fau\/wp-json\/wp\/v2\/pages"}],"about":[{"href":"http:\/\/xn--diseowebtucuman-1qb.com.ar\/fau\/wp-json\/wp\/v2\/types\/page"}],"author":[{"embeddable":true,"href":"http:\/\/xn--diseowebtucuman-1qb.com.ar\/fau\/wp-json\/wp\/v2\/users\/1"}],"replies":[{"embeddable":true,"href":"http:\/\/xn--diseowebtucuman-1qb.com.ar\/fau\/wp-json\/wp\/v2\/comments?post=3236"}],"version-history":[{"count":1,"href":"http:\/\/xn--diseowebtucuman-1qb.com.ar\/fau\/wp-json\/wp\/v2\/pages\/3236\/revisions"}],"predecessor-version":[{"id":3237,"href":"http:\/\/xn--diseowebtucuman-1qb.com.ar\/fau\/wp-json\/wp\/v2\/pages\/3236\/revisions\/3237"}],"wp:featuredmedia":[{"embeddable":true,"href":"http:\/\/xn--diseowebtucuman-1qb.com.ar\/fau\/wp-json\/wp\/v2\/media\/1152"}],"wp:attachment":[{"href":"http:\/\/xn--diseowebtucuman-1qb.com.ar\/fau\/wp-json\/wp\/v2\/media?parent=3236"}],"wp:term":[{"taxonomy":"category","embeddable":true,"href":"http:\/\/xn--diseowebtucuman-1qb.com.ar\/fau\/wp-json\/wp\/v2\/categories?post=3236"},{"taxonomy":"post_tag","embeddable":true,"href":"http:\/\/xn--diseowebtucuman-1qb.com.ar\/fau\/wp-json\/wp\/v2\/tags?post=3236"}],"curies":[{"name":"wp","href":"https:\/\/api.w.org\/{rel}","templated":true}]}}