{"id":1988,"date":"2020-06-10T12:55:48","date_gmt":"2020-06-10T12:55:48","guid":{"rendered":"http:\/\/xn--diseowebtucuman-1qb.com.ar\/fau\/?page_id=1988"},"modified":"2020-07-05T23:56:03","modified_gmt":"2020-07-05T23:56:03","slug":"tramites-frecuentes","status":"publish","type":"page","link":"http:\/\/xn--diseowebtucuman-1qb.com.ar\/fau\/tramites-frecuentes\/","title":{"rendered":"Tr\u00e1mites Frecuentes"},"content":{"rendered":"<h1>Tr\u00e1mites Acad\u00e9micos<\/h1>\n<p><strong>1.- Justificaci\u00f3n de Inasistencia <\/strong><\/p>\n<ul>\n<li>Justificar inasistencia (indicar d\u00eda, Materia, motivo) adjuntando Certificaci\u00f3n si corresponde.<\/li>\n<li>Pasar por Tesorer\u00eda para que firmen la nota o abonar arancel, si corresponde.<\/li>\n<li>Presentar en Mesa de Entradas de la Facultad.<\/li>\n<\/ul>\n<p><strong>2.-<\/strong> <strong>Inscripci\u00f3n fuera de t\u00e9rmino a Materias \/ Cambio de Electivas<\/strong><\/p>\n<ul>\n<li>Nota dirigida al Decano FAU solicitando inscripci\u00f3n fuera de t\u00e9rmino a Materias y motivo de la solicitud o raz\u00f3n por la que solicita cambio de Electivas.<\/li>\n<li>Pasar por Tesorer\u00eda para que firmen la nota o abonar arancel, si corresponde.<\/li>\n<li>Presentar en Mesa de Entradas de la Facultad.<\/li>\n<\/ul>\n<p><strong>3.- Constancia de Alumno \/ Certificado Anal\u00edtico<\/strong><\/p>\n<ul>\n<li>Nota dirigida al Decano FAU solicitando Constancia e indicando lugar donde se presentar\u00e1 o emisi\u00f3n de Certificado Anal\u00edtico.<\/li>\n<li>Pasar por Tesorer\u00eda para que firmen la nota o abonar arancel, si corresponde.<\/li>\n<li>Presentar la nota en Direcci\u00f3n Alumnos de la Facultad en el horario de 08:00 a 12:00 Hs.<\/li>\n<\/ul>\n<p><strong>4.- Pase de Facultad<\/strong><\/p>\n<ul>\n<li>Nota dirigida al Decano FAU solicitando legalizaci\u00f3n de Programas, Plan de Estudio y Certificado Anal\u00edtico e indicar la Universidad o Facultad donde continuar\u00e1 los estudios.<\/li>\n<li>Pasar por Tesorer\u00eda para abonar arancel correspondiente.<\/li>\n<li>Nota y recibo de arancel presentar en Mesa de Entradas de la Facultad.<\/li>\n<li>Al d\u00eda siguiente presentarse en Departamento T\u00edtulos para la entrega del formulario de Pase para poder realizar la Libre Deuda de Bibliotecas<\/li>\n<\/ul>\n<p><strong>5.- Expedici\u00f3n de Diploma<\/strong><\/p>\n<ul>\n<li>Abonar arancel de Derecho de T\u00edtulo en Tesorer\u00eda de la Facultad<\/li>\n<li>Abonar arancel de Legalizaci\u00f3n por Ministerios en Tesorer\u00eda de Rectorado<\/li>\n<li>Acta de Nacimiento legalizada y actualizada<\/li>\n<li>Formulario de Proyecto Final y donaci\u00f3n a la Biblioteca FAU<\/li>\n<li>3 fotos carnet 4&#215;4, \u00be de perfil derecho<\/li>\n<li>Previamente Departamento T\u00edtulos controlar\u00e1 la ficha personal de egresado y le indicar\u00e1 qu\u00e9 d\u00eda podr\u00e1 presentarse en ventanilla para el llenado de formularios correspondientes y entregarle la Solicitud de Diploma e informarle c\u00f3mo deber\u00e1 proceder para obtener la Libre Deuda de Bibliotecas.<\/li>\n<\/ul>\n<p><strong>6.- Emisi\u00f3n de Certificado Final de Estudios (para Egresados)<\/strong><\/p>\n<ul>\n<li>Abonar arancel de expedici\u00f3n de Certificado Anal\u00edtico Legalizado en Tesorer\u00eda FAU<\/li>\n<li>Abonar arancel de Legalizaci\u00f3n por Ministerios en Tesorer\u00eda de Rectorado<\/li>\n<li>Nota dirigida al Decano FAU solicitando la expedici\u00f3n de Certificado Anal\u00edtico Legalizado<\/li>\n<li>Presentar nota y recibos de aranceles correspondientes en Mesa de Entradas de la Facultad<\/li>\n<\/ul>\n<p><strong>7.- Reconocimiento de Materias aprobadas por Programas MARCA \/ ESCALA \/ JIMA<\/strong><\/p>\n<ul>\n<li>Nota dirigida al Decano FAU solicitando el reconocimiento de Materias aprobadas a trav\u00e9s de algunos de estos Programas.<\/li>\n<li>Programas, Plan de Estudio, Certificado Anal\u00edtico (originales) de las Materias que hayan sido aprobadas, con firmas y sellos de la Instituci\u00f3n donde las cursaron.<\/li>\n<li>Formularios de intercambio correspondientes (originales) con sus correspondientes firmas y sellos.<\/li>\n<li>Presentar toda la documentaci\u00f3n en Mesa de Entradas de la Facultad.<\/li>\n<\/ul>\n<p><strong>8.- Equivalencia de Materias cursadas y aprobadas en otra Facultad \/ Universidad<\/strong><\/p>\n<ul>\n<li>Nota dirigida al Decano FAU solicitando el reconocimiento de Materias aprobadas en la Facultad \/ Universidad de origen, con las de esta Casa.<\/li>\n<li>Programas, Plan de Estudio, Certificado Anal\u00edtico (originales) de las Materias que hayan sido aprobadas, con firmas y sellos de la Instituci\u00f3n donde las cursaron.<\/li>\n<li>Escala de Calificaciones, Constancia que no registra sanciones disciplinarias y cancelaci\u00f3n de Matr\u00edcula en la Facultad \/ Universidad de origen.<\/li>\n<li>Presentar toda la documentaci\u00f3n en Mesa de Entradas de la Facultad.<\/li>\n<li>Tope de Materias a reconocer:<\/li>\n<li>Fecha l\u00edmite para presentaci\u00f3n de documentaci\u00f3n: 31 de Marzo de cada a\u00f1o.<\/li>\n<li>Se recomiendo que el interesado se haya inscripto antes de iniciar el tr\u00e1mite.<\/li>\n<\/ul>\n<p><strong>Nota:\u00a0se recomienda que todas las notas que se presenten en Mesa de Entradas de la Facultad sean por duplicado, de modo tal que quede una constancia para el interesado de que inici\u00f3 un tr\u00e1mite.<\/strong><\/p>\n","protected":false},"excerpt":{"rendered":"<p>Tr\u00e1mites Acad\u00e9micos 1.- Justificaci\u00f3n de Inasistencia Justificar inasistencia (indicar d\u00eda, Materia, motivo) adjuntando Certificaci\u00f3n si corresponde. Pasar por Tesorer\u00eda para [&hellip;]<\/p>\n","protected":false},"author":1,"featured_media":0,"parent":0,"menu_order":0,"comment_status":"closed","ping_status":"closed","template":"","meta":{"footnotes":"","_links_to":"","_links_to_target":""},"categories":[],"tags":[],"class_list":["post-1988","page","type-page","status-publish","hentry"],"_links":{"self":[{"href":"http:\/\/xn--diseowebtucuman-1qb.com.ar\/fau\/wp-json\/wp\/v2\/pages\/1988","targetHints":{"allow":["GET"]}}],"collection":[{"href":"http:\/\/xn--diseowebtucuman-1qb.com.ar\/fau\/wp-json\/wp\/v2\/pages"}],"about":[{"href":"http:\/\/xn--diseowebtucuman-1qb.com.ar\/fau\/wp-json\/wp\/v2\/types\/page"}],"author":[{"embeddable":true,"href":"http:\/\/xn--diseowebtucuman-1qb.com.ar\/fau\/wp-json\/wp\/v2\/users\/1"}],"replies":[{"embeddable":true,"href":"http:\/\/xn--diseowebtucuman-1qb.com.ar\/fau\/wp-json\/wp\/v2\/comments?post=1988"}],"version-history":[{"count":6,"href":"http:\/\/xn--diseowebtucuman-1qb.com.ar\/fau\/wp-json\/wp\/v2\/pages\/1988\/revisions"}],"predecessor-version":[{"id":3400,"href":"http:\/\/xn--diseowebtucuman-1qb.com.ar\/fau\/wp-json\/wp\/v2\/pages\/1988\/revisions\/3400"}],"wp:attachment":[{"href":"http:\/\/xn--diseowebtucuman-1qb.com.ar\/fau\/wp-json\/wp\/v2\/media?parent=1988"}],"wp:term":[{"taxonomy":"category","embeddable":true,"href":"http:\/\/xn--diseowebtucuman-1qb.com.ar\/fau\/wp-json\/wp\/v2\/categories?post=1988"},{"taxonomy":"post_tag","embeddable":true,"href":"http:\/\/xn--diseowebtucuman-1qb.com.ar\/fau\/wp-json\/wp\/v2\/tags?post=1988"}],"curies":[{"name":"wp","href":"https:\/\/api.w.org\/{rel}","templated":true}]}}