{"id":1629,"date":"2020-02-12T20:12:03","date_gmt":"2020-02-12T20:12:03","guid":{"rendered":"http:\/\/xn--diseowebtucuman-1qb.com.ar\/fau\/?page_id=1629"},"modified":"2020-06-20T13:34:33","modified_gmt":"2020-06-20T13:34:33","slug":"historia-01","status":"publish","type":"page","link":"http:\/\/xn--diseowebtucuman-1qb.com.ar\/fau\/historia-01\/","title":{"rendered":"Historia institucional"},"content":{"rendered":"<div>\n<h4>Breve historia de la FAU<\/h4>\n<p>Nuestra instituci\u00f3n surge en el a\u00f1o 1939, como\u00a0Escuela de Arquitectura,\u00a0dentro de la Facultad de Ingenier\u00eda,\u00a0impulsada por los arquitectos Cavagna y Moyano Navarro. A este grupo inicial de docentes se incorporan los arquitectos Eduardo Sacriste, Horacio Caminos, Hilario Zalba y Jorge Vivanco,\u00a0algunos de los mayores exponentes del movimiento moderno de la Argentina. Ellos fueron los impulsores de la fundaci\u00f3n, en el a\u00f1o 1945 del\u00a0Instituto de Arquitectura y Urbanismo\u00a0cuyo director fue el Arq. Vivanco.<\/p>\n<p>En el a\u00f1o 1947, Vivanco participa como representante argentino en el CIAM (Congreso Internacional de Arquitectura Moderna) de Londres, d\u00f3nde se conecta con representantes italianos, circunstancia a partir de la cual se suman al instituto, como profesores invitados, los italianos\u00a0Ernesto Rogers, Gino Calcaprina, Enrico Tedeschi y Guido Oberti. Bajo la influencia y supervisi\u00f3n de este grupo de docentes,\u00a0\u201cLa Escuela de Arquitectura de Tucum\u00e1n\u201d,\u00a0como se la conoc\u00eda internacionalmente, se erigi\u00f3 fuertemente bajo los postulados del movimiento moderno, logrando un gran reconocimiento por la revoluci\u00f3n en los m\u00e9todos de ense\u00f1anza, incorporando el sistema de talleres y la teor\u00eda y pr\u00e1ctica del Urbanismo.<\/p>\n<p>En 1952, se crea la\u00a0Facultad de Arquitectura y Urbanismo,\u00a0y los docentes del Instituto son los responsables de formar a las primeras camadas de arquitectos. Cabe destacar la figura de\u00a0Eduardo Sacriste,\u00a0en su labor profesional pero tambi\u00e9n did\u00e1ctica, como una pieza fundamental en la formaci\u00f3n de los recursos humanos de la instituci\u00f3n.\u201c&#8230;<\/p>\n<p>A los alumnos corresponde con su actividad, subsanar gran parte de las deficiencias que el excesivo n\u00famero de estudiantes ha aportado a las Escuelas de Arquitectura. Deben esperar menos de la Escuela y mucho m\u00e1s de ellos mismos\u201d Eduardo Sacriste.<\/p>\n<p><strong>Distintas localizaciones a lo largo de la historia<\/strong><\/p>\n<p>La FAU funcion\u00f3 alternativamente en la sede central de la UNT, en las localizaciones Universitarias de la Sierra de San Javier, en el edificio de la Legislatura Provincial, en el Centro Universitario Julio Prebisch y, desde fines de la d\u00e9cada del sesenta, se instal\u00f3 definitivamente en el Centro Ing. Roberto Herrera.<\/p>\n<h4>Nuestra casa y el proyecto institucional<\/h4>\n<p>A mediados de los a\u00f1os 40, durante la gesti\u00f3n del rector Dr. Horacio Descole (1946-1951) y en el marco de una transformaci\u00f3n trascendental para la UNT, se decide realizar el megaproyecto de la ciudad universitaria, a partir del proyecto de los arquitectos Horacio Caminos, Eduardo Sacriste y Jorge Vivanco del Instituto de Arquitectura y Urbanismo, para lo cual se adquieren 14 mil hect\u00e1reas en San Javier, para su localizaci\u00f3n a m\u00e1s de 30 km de la ciudad. Este conjunto representa uno de los primeros megaproyectos de la historia de la arquitectura moderna y la primera decisi\u00f3n de la UNT para construir su sede propia. Por circunstancias del contexto, su construcci\u00f3n se paraliz\u00f3 en 1951.<\/p>\n<p>Durante el rectorado del Ing. Eugenio F. Virla y del Vicerrector Ing. Roberto A. Herrera (1963-1966) se retom\u00f3 el prop\u00f3sito de construir la sede de la universidad como conjunto y se opta por una ubicaci\u00f3n de mayor accesibilidad, en las localizaciones de la ex Quinta Agron\u00f3mica, tambi\u00e9n propiedad de la UNT.<\/p>\n<p><strong>Centro Herrera<\/strong><\/p>\n<p>El ahora Centro Universitario \u201cIng. Roberto Herrera\u201d fue inaugurado en 1971. Dentro de los edificios del conjunto, se encuentran la Facultad de Arquitectura y Urbanismo, la Facultad de Ciencias Exactas y Tecnolog\u00eda, la Facultad de Ciencias Econ\u00f3micas, la Facultad de Agronom\u00eda y Zootecnia y los ciclos b\u00e1sicos de Medicina y de Derecho y Ciencias Sociales y en construcci\u00f3n, la Facultad de Bioqu\u00edmica, Qu\u00edmica y Farmacia. Adem\u00e1s funciona un centro de deportes y la imprenta central de la UNT.<\/p>\n<p><strong>Edificio actual<\/strong><\/p>\n<p>Al edificio original, de aproximadamente 5500m2 cubiertos, se le fueron agregando nuevas construcciones, en consonancia con el crecimiento constante de la matr\u00edcula estudiantil: el denominado Block nuevo (donde funcionan Talleres de Proyectos) y luego, el Aula Magna y las Aulas de Posgrado (2009-2010).<\/p>\n\n<\/div>\n<hr \/>\n","protected":false},"excerpt":{"rendered":"<p>Breve historia de la FAU Nuestra instituci\u00f3n surge en el a\u00f1o 1939, como\u00a0Escuela de Arquitectura,\u00a0dentro de la Facultad de Ingenier\u00eda,\u00a0impulsada [&hellip;]<\/p>\n","protected":false},"author":1,"featured_media":1630,"parent":0,"menu_order":0,"comment_status":"closed","ping_status":"closed","template":"","meta":{"footnotes":"","_links_to":"","_links_to_target":""},"categories":[],"tags":[],"class_list":["post-1629","page","type-page","status-publish","has-post-thumbnail","hentry"],"_links":{"self":[{"href":"http:\/\/xn--diseowebtucuman-1qb.com.ar\/fau\/wp-json\/wp\/v2\/pages\/1629","targetHints":{"allow":["GET"]}}],"collection":[{"href":"http:\/\/xn--diseowebtucuman-1qb.com.ar\/fau\/wp-json\/wp\/v2\/pages"}],"about":[{"href":"http:\/\/xn--diseowebtucuman-1qb.com.ar\/fau\/wp-json\/wp\/v2\/types\/page"}],"author":[{"embeddable":true,"href":"http:\/\/xn--diseowebtucuman-1qb.com.ar\/fau\/wp-json\/wp\/v2\/users\/1"}],"replies":[{"embeddable":true,"href":"http:\/\/xn--diseowebtucuman-1qb.com.ar\/fau\/wp-json\/wp\/v2\/comments?post=1629"}],"version-history":[{"count":17,"href":"http:\/\/xn--diseowebtucuman-1qb.com.ar\/fau\/wp-json\/wp\/v2\/pages\/1629\/revisions"}],"predecessor-version":[{"id":3251,"href":"http:\/\/xn--diseowebtucuman-1qb.com.ar\/fau\/wp-json\/wp\/v2\/pages\/1629\/revisions\/3251"}],"wp:featuredmedia":[{"embeddable":true,"href":"http:\/\/xn--diseowebtucuman-1qb.com.ar\/fau\/wp-json\/wp\/v2\/media\/1630"}],"wp:attachment":[{"href":"http:\/\/xn--diseowebtucuman-1qb.com.ar\/fau\/wp-json\/wp\/v2\/media?parent=1629"}],"wp:term":[{"taxonomy":"category","embeddable":true,"href":"http:\/\/xn--diseowebtucuman-1qb.com.ar\/fau\/wp-json\/wp\/v2\/categories?post=1629"},{"taxonomy":"post_tag","embeddable":true,"href":"http:\/\/xn--diseowebtucuman-1qb.com.ar\/fau\/wp-json\/wp\/v2\/tags?post=1629"}],"curies":[{"name":"wp","href":"https:\/\/api.w.org\/{rel}","templated":true}]}}