{"id":1429,"date":"2020-02-06T21:01:38","date_gmt":"2020-02-06T21:01:38","guid":{"rendered":"http:\/\/xn--diseowebtucuman-1qb.com.ar\/fau\/?page_id=1429"},"modified":"2020-02-14T23:35:15","modified_gmt":"2020-02-14T23:35:15","slug":"proyectos-en-desarrollo","status":"publish","type":"page","link":"http:\/\/xn--diseowebtucuman-1qb.com.ar\/fau\/proyectos-en-desarrollo\/","title":{"rendered":"Proyectos en desarrollo"},"content":{"rendered":"<h1 class=\"title\">Proyectos PIUNT en desarrollo<\/h1>\n<p>Listado de los proyectos PIUNT actualmente en desarrollo en la FAU.<\/p>\n<table class=\"table table-bordered\" width=\"90%\">\n<tbody>\n<tr>\n<td width=\"10%\">1<\/td>\n<td width=\"90%\"><a href=\"http:\/\/xn--diseowebtucuman-1qb.com.ar\/fau\/proyecto-b601\/\">Proyecto (B601) C &#8211;\u00a02018\/2022<\/a><br \/>\n<strong>Director:\u00a0ALBO, EDGARDO ALBERTO<\/strong><br \/>\nEvaluaci\u00f3n de las soluciones de la envolvente para viviendas de inter\u00e9s social y otras obras de Arquitectura. Su influencia en el desarrollo del h\u00e1bitat en la Regi\u00f3n de los Valles Calchaqu\u00edes tucumanos<\/td>\n<\/tr>\n<tr>\n<td>2<\/td>\n<td>Proyecto (B602) B \u2013 2018\/2022<br \/>\n<strong>Director:\u00a0ALDERETE, CARLOS EDUARDO &#8211;\u00a0calderete18@hotmail.com<\/strong><br \/>\nEl bloque comprimido de tierra alivianada (BTAC) con Residuos S\u00f3lidos Industriales (RSI), como componente de una Arquitectura m\u00e1s sustentable<\/td>\n<\/tr>\n<tr>\n<td>3<\/td>\n<td><a href=\"http:\/\/c1640832.ferozo.com\/nota.php?id=81\" target=\"_blank\" rel=\"noopener noreferrer\">Proyecto (B623\/1) B \u2013 2018\/2022<\/a><br \/>\n<strong>Director:\u00a0BARRIONUEVO, LUIS FERNANDO &#8211;\u00a0lbarrionuevo@gmail.com<\/strong><br \/>\nModelado param\u00e9trico en la concepci\u00f3n y generaci\u00f3n de formas arquitect\u00f3nicas complejas<\/td>\n<\/tr>\n<tr>\n<td>4<\/td>\n<td><a href=\"http:\/\/c1640832.ferozo.com\/nota.php?id=82\" target=\"_blank\" rel=\"noopener noreferrer\">Proyecto (B603) B \u2013 2018\/2022<\/a><br \/>\n<strong>Director:\u00a0BEN ALTABEF, CLARA GRACIELA &#8211;\u00a0clarabenaltabef@gmail.com<\/strong><br \/>\nDid\u00e1ctica\u00a0 proyectual. Espacio social: morfolog\u00eda, usos y contexto<\/td>\n<\/tr>\n<tr>\n<td>5<\/td>\n<td><a href=\"http:\/\/c1640832.ferozo.com\/nota.php?id=83\" target=\"_blank\" rel=\"noopener noreferrer\">Proyecto (B619\/1) C &#8211; 2018\/2022<\/a><br \/>\n<strong>Directora:\u00a0BOLDRINI PERALTA, PAULA LUCIANA &#8211;\u00a0paula_boldrini@hotmail.com<\/strong><br \/>\nDin\u00e1micas productivas para un h\u00e1bitat sustentable.<\/td>\n<\/tr>\n<tr>\n<td>6<\/td>\n<td><a href=\"http:\/\/c1640832.ferozo.com\/nota.php?id=84\" target=\"_blank\" rel=\"noopener noreferrer\">Proyecto (B618\/1) A &#8211; 2018\/2022<\/a><br \/>\n<strong>Directora:\u00a0CASARES, MARTA &#8211;\u00a0mcasares@herrera.unt.edu.ar<\/strong><br \/>\nLa evoluci\u00f3n del Paisaje Urbano y sus componentes en San Miguel de Tucum\u00e1n, desde una mirada hol\u00edstica<\/td>\n<\/tr>\n<tr>\n<td>7<\/td>\n<td><a href=\"http:\/\/c1640832.ferozo.com\/nota.php?id=85\" target=\"_blank\" rel=\"noopener noreferrer\">Proyecto (B618\/1) A &#8211; 2018\/2022<\/a><br \/>\n<strong>Directora:\u00a0CHELELA, OSCAR ALFREDO &#8211;\u00a0oscarchelela@hotmail.com<\/strong><br \/>\nInstrumentos\u00a0 para un Programa Metropolitano horizonte 2030<\/td>\n<\/tr>\n<tr>\n<td>8<\/td>\n<td><a href=\"http:\/\/c1640832.ferozo.com\/nota.php?id=86\" target=\"_blank\" rel=\"noopener noreferrer\">Proyecto (B621\/1) A &#8211; 2018\/2022<\/a><br \/>\n<strong>Directora:\u00a0CHIARELLO, ANA L\u00cdA &#8211;\u00a0ana.chiarello@gmail.combr<\/strong><br \/>\nEl Patrimonio Dom\u00e9stico en la Argentina y en el NOA. Estudios hist\u00f3rico-cr\u00edticos y estrategias para su conservaci\u00f3n<\/td>\n<\/tr>\n<tr>\n<td>9<\/td>\n<td><a href=\"http:\/\/c1640832.ferozo.com\/nota.php?id=88\" target=\"_blank\" rel=\"noopener noreferrer\">Proyecto (B620\/1) B &#8211; 2018\/2022<\/a><br \/>\n<strong>Directora:\u00a0CISTERNA, MARTA SUSANA\u00a0&#8211;\u00a0mscisterna@hotmail<\/strong><br \/>\nEficiencia energ\u00e9tica en iluminaci\u00f3n artificial e implementaci\u00f3n de sistemas con energ\u00edas renovables en edificios educativos de Tucum\u00e1n<\/td>\n<\/tr>\n<tr>\n<td>10<\/td>\n<td><a href=\"http:\/\/c1640832.ferozo.com\/nota.php?id=87\" target=\"_blank\" rel=\"noopener noreferrer\">Proyecto (B605) B<\/a><a href=\"http:\/\/c1640832.ferozo.com\/nota.php?id=87\" target=\"_blank\" rel=\"noopener noreferrer\">\u00a0<\/a><a href=\"http:\/\/c1640832.ferozo.com\/nota.php?id=87\" target=\"_blank\" rel=\"noopener noreferrer\">&#8211; 2018\/2022<\/a><br \/>\n<strong>Director:\u00a0COSTILLA, ANGEL MARCELO\u00a0&#8211;\u00a0acostilla@herrera.unt.edu.ar<\/strong><br \/>\nUtilizaci\u00f3n de Residuos Industriales de origen natural en la b\u00fasqueda de elementos constructivos destinados a la construcci\u00f3n en poblaciones vulnerables<\/td>\n<\/tr>\n<tr>\n<td>11<\/td>\n<td><a href=\"http:\/\/c1640832.ferozo.com\/nota.php?id=89\" target=\"_blank\" rel=\"noopener noreferrer\">Proyecto(B619\/2) B &#8211; 2018\/2022<\/a><br \/>\nDirectora:<strong>\u00a0CUOZZO, ROSA LINA INES\u00a0&#8211;\u00a0rlcuozzo@gmail.com<\/strong><br \/>\nCalidad del h\u00e1bitat urbano en contextos de desigualdad<\/td>\n<\/tr>\n<tr>\n<td>12<\/td>\n<td><a href=\"http:\/\/c1640832.ferozo.com\/nota.php?id=90\" target=\"_blank\" rel=\"noopener noreferrer\">Proyecto (B618\/2) B &#8211; 2018\/2022<\/a><br \/>\nDirectora:\u00a0<strong>CZYTAJLO, NATALIA PAOLA\u00a0&#8211;\u00a0nczytajlo@yahoo.com.ar<\/strong><br \/>\nH\u00e1bitat, Inclusi\u00f3n y Derecho a la Ciudad. Laboratorio G\u00e9nero y Urbanismo (GENURB)<\/td>\n<\/tr>\n<tr>\n<td>13<\/td>\n<td><a href=\"http:\/\/c1640832.ferozo.com\/nota.php?id=91\" target=\"_blank\" rel=\"noopener noreferrer\">Proyecto (B606) A &#8211; 2018\/2022<\/a><br \/>\nDirectora:\u00a0<strong>FAJRE DE ROZENBERG, NORA MABEL\u00a0&#8211;\u00a0nfajre@gmail.com<\/strong><br \/>\nLa envolvente exterior de la edificaci\u00f3n con tecnolog\u00eda en seco, para la Regi\u00f3n del NOA. Juntas, v\u00ednculos y uniones<\/td>\n<\/tr>\n<tr>\n<td>14<\/td>\n<td><a href=\"http:\/\/c1640832.ferozo.com\/nota.php?id=92\" target=\"_blank\" rel=\"noopener noreferrer\">Proyecto (B622\/1) A &#8211; 2018\/2022<\/a><br \/>\nDirectora:\u00a0<strong>FERRARI, M\u00d3NICA\u00a0&#8211;\u00a0m_ferrari10@yahoo.com.ar<\/strong><br \/>\nDesarrollo de instrumentos para la gesti\u00f3n del Paisaje Cultural en la Quebrada de Humahuaca, Patrimonio Mundial<\/td>\n<\/tr>\n<tr>\n<td>15<\/td>\n<td><a href=\"http:\/\/c1640832.ferozo.com\/nota.php?id=93\" target=\"_blank\" rel=\"noopener noreferrer\">Proyecto (B607) B &#8211; 2018\/2022<\/a><br \/>\nDirectora:\u00a0<strong>FERRERO, SILVIA LILIANA\u00a0&#8211;\u00a0liliferrero@gmail.com<\/strong><br \/>\nArquitectura y Contexto. El Aprendizaje del Proyecto Arquitect\u00f3nico entre lo global y lo local<\/td>\n<\/tr>\n<tr>\n<td>16<\/td>\n<td><a href=\"http:\/\/c1640832.ferozo.com\/nota.php?id=95\" target=\"_blank\" rel=\"noopener noreferrer\">Proyecto (B608) A &#8211; 2018\/2022<\/a><br \/>\nDirectora:\u00a0<strong>GARZ\u00d3N, BEATRIZ SILVIA\u00a0&#8211;\u00a0bgarzon06@gmail.com<\/strong><br \/>\nH\u00e1bitat Sustentable y Saludable en el Norte Grande Argentino<\/td>\n<\/tr>\n<tr>\n<td>1<a href=\"http:\/\/c1640832.ferozo.com\/nota.php?id=96\" target=\"_blank\" rel=\"noopener noreferrer\">7<\/a><\/td>\n<td><a href=\"http:\/\/c1640832.ferozo.com\/nota.php?id=96\" target=\"_blank\" rel=\"noopener noreferrer\">Proyecto (B619\/3) A &#8211; 2018\/2022<\/a><br \/>\nDirectora:\u00a0<strong>G\u00d3MEZ L\u00d3PEZ, CLAUDIA FERNANDA\u00a0&#8211;\u00a0claugolo@gmail.com<\/strong><br \/>\nH\u00e1bitat. Fen\u00f3menos y conflictos socio territoriales<\/td>\n<\/tr>\n<tr>\n<td>18<\/td>\n<td><a href=\"http:\/\/c1640832.ferozo.com\/nota.php?id=97\" target=\"_blank\" rel=\"noopener noreferrer\">Proyecto (B608) A &#8211; 2018\/2022<\/a><br \/>\nDirector:\u00a0<strong>G\u00d3MEZ L\u00d3PEZ, ROBERTO\u00a0&#8211;\u00a0roberto_gl@hotmail.com<\/strong><br \/>\nDise\u00f1o param\u00e9trico en Arquitectura. Aportes para una metodolog\u00eda apropiada<\/td>\n<\/tr>\n<tr>\n<td>19<\/td>\n<td><a href=\"http:\/\/c1640832.ferozo.com\/nota.php?id=98\" target=\"_blank\" rel=\"noopener noreferrer\">Proyecto (B609) B &#8211; 2018\/2022<\/a><br \/>\nDirectora:\u00a0<strong>GRAMAJO, PATRICIA\u00a0&#8211;\u00a0patrigramajo@gmail.com<\/strong><br \/>\nConciencia S\u00edsmica en el \u00c1rea Metropolitana de San Miguel de Tucum\u00e1n. Arquitectura, educaci\u00f3n y transferencia para disminuir la vulnerabilidad y mitigar los da\u00f1os<\/td>\n<\/tr>\n<tr>\n<td>20<\/td>\n<td><a href=\"http:\/\/c1640832.ferozo.com\/nota.php?id=99\" target=\"_blank\" rel=\"noopener noreferrer\">Proyecto (B610) B &#8211; 2018\/2022<\/a><br \/>\nDirector:\u00a0<strong>GUIJARRO, JOS\u00c9 LUIS PATRICIO\u00a0\u00a0&#8211;\u00a0jlpguijarro@hotmail.com<\/strong><br \/>\nEstrategias para un control ac\u00fastico en edificios en altura en la zona central de San Miguel de Tucum\u00e1n<\/td>\n<\/tr>\n<tr>\n<td>21<\/td>\n<td><a href=\"http:\/\/c1640832.ferozo.com\/nota.php?id=100\" target=\"_blank\" rel=\"noopener noreferrer\">Proyecto (B620\/2) A &#8211; 2018\/2022<\/a><br \/>\nDirectora:\u00a0<strong>LEDESMA, SARA L\u00cdA\u00a0&#8211;\u00a0sledesma@herrera.unt.edu.a<\/strong>r<br \/>\nHEnergy labeling of educational buildings in Tucum\u00e1n<\/td>\n<\/tr>\n<tr>\n<td>22<\/td>\n<td><a href=\"http:\/\/c1640832.ferozo.com\/nota.php?id=101\" target=\"_blank\" rel=\"noopener noreferrer\">Proyecto (B612) B &#8211; 2018\/2022<\/a><br \/>\nDirectora:\u00a0<strong>MOLINA, MARTA L\u00cdA\u00a0\u00a0&#8211;\u00a0mliamolina@yahoo.com.ar<\/strong><br \/>\nRemixado de material did\u00e1ctico para matem\u00e1tica aplicada- FAU-UNT<\/td>\n<\/tr>\n<tr>\n<td>23<\/td>\n<td><a href=\"http:\/\/c1640832.ferozo.com\/nota.php?id=102\" target=\"_blank\" rel=\"noopener noreferrer\">Proyecto (B621\/2) A &#8211; 2018\/2022<\/a><br \/>\nDirectora:\u00a0<strong>MORENO, DANIELA BEATRIZ\u00a0&#8211;\u00a0danielamoreno@arnet.com.ar<\/strong><br \/>\nPatrimonio urbano-arquitect\u00f3nico del NOA: estudios, estrategias de abordaje y propuestas de intervenci\u00f3n para su conservaci\u00f3n y rehabilitaci\u00f3n integrada a procesos de desarrollo urbano y regional<\/td>\n<\/tr>\n<tr>\n<td>24<\/td>\n<td><a href=\"http:\/\/c1640832.ferozo.com\/nota.php?id=103\" target=\"_blank\" rel=\"noopener noreferrer\">Proyecto (B621\/2) A &#8211; 2018\/2022<\/a><br \/>\nDirectora:\u00a0<strong>MOZZI, NANCY GRACIELA\u00a0&#8211;\u00a0muntanermozzi@ciudad.com.ar<\/strong><br \/>\nPatrimonio urbano-arquitect\u00f3nico del NOA: estudios, estrategias de abordaje y propuestas de intervenci\u00f3n para su conservaci\u00f3n y rehabilitaci\u00f3n integrada a procesos de desarrollo urbano y regional<\/td>\n<\/tr>\n<tr>\n<td>25<\/td>\n<td><a href=\"http:\/\/c1640832.ferozo.com\/nota.php?id=104\" target=\"_blank\" rel=\"noopener noreferrer\">(B623\/3) B &#8211; 2018\/2022<\/a><br \/>\nDirectora:\u00a0<strong>RODRIGUEZ ANIDO, PATRICIA GRACIELA\u00a0&#8211;\u00a0pranido@hotmail.com<\/strong><br \/>\nRedes Proyectuales. Parametrizaci\u00f3n y Virtualidad.Aplicaci\u00f3n a la ense\u00f1anza del proyecto arquitect\u00f3nico<\/td>\n<\/tr>\n<tr>\n<td>26<\/td>\n<td><a href=\"http:\/\/c1640832.ferozo.com\/nota.php?id=105\" target=\"_blank\" rel=\"noopener noreferrer\">(B621\/3) A &#8211; 2018\/2022<\/a><br \/>\n<a href=\"http:\/\/c1640832.ferozo.com\/nota.php?id=105\" target=\"_blank\" rel=\"noopener noreferrer\">D<\/a>irectora:\u00a0<strong>ROSSI, SILVIA ELINA\u00a0&#8211;\u00a0silviaelina@hotmail.com<\/strong><br \/>\nLa conservaci\u00f3n del Patrimonio arquitect\u00f3nico en Tucum\u00e1n como recurso estrat\u00e9gico en el Desarrollo urbano y territorial<\/td>\n<\/tr>\n<tr>\n<td>27<\/td>\n<td><a href=\"http:\/\/c1640832.ferozo.com\/nota.php?id=106\" target=\"_blank\" rel=\"noopener noreferrer\">(B622\/2) C &#8211; 2018\/2022<\/a><br \/>\nDirectora:\u00a0<strong>RUBIO, RAIMUNDO DANIEL\u00a0&#8211;\u00a0rubiobuc@hotmail.com<\/strong><br \/>\nEl desarrollo, la calidad ambiental y el patrimonio en el urbanismo y la arquitectura del NOA: entre la permanencia y el cambio<\/td>\n<\/tr>\n<tr>\n<td>28<\/td>\n<td><a href=\"http:\/\/c1640832.ferozo.com\/nota.php?id=107\" target=\"_blank\" rel=\"noopener noreferrer\">(B623\/4) B &#8211; 2018\/2022<\/a><br \/>\nDirectora:\u00a0<strong>SAITO, KEIKO ELENA\u00a0&#8211;\u00a0keikosaito0@gmail.com<\/strong><br \/>\nProcedimientos estrat\u00e9gicos de dise\u00f1o param\u00e9trico para Arquitectura de formas plegadas y elaboraci\u00f3n de prototipos<\/td>\n<\/tr>\n<tr>\n<td>29<\/td>\n<td><a href=\"http:\/\/c1640832.ferozo.com\/nota.php?id=108\" target=\"_blank\" rel=\"noopener noreferrer\">(B615) B &#8211; 2018\/2022<\/a><br \/>\nDirectora:\u00a0<strong>SOSA, MIRTA EUFEMIA\u00a0&#8211;\u00a0mirta_sosa@hotmail.com<\/strong><br \/>\nH\u00e1bitat y Desarrollo social. Estrategias y modelos de gesti\u00f3n de utilizaci\u00f3n de tierras de excavaci\u00f3n en SMT para la producci\u00f3n de viviendas y equipamiento urbano<\/td>\n<\/tr>\n<tr>\n<td>30<\/td>\n<td><a href=\"http:\/\/c1640832.ferozo.com\/nota.php?id=109\" target=\"_blank\" rel=\"noopener noreferrer\">(B622\/3) B &#8211; 2018\/2022<\/a><br \/>\nDirectora:\u00a0<strong>VILLAVICENCIO, SUSANA\u00a0&#8211;\u00a0suvillavicencio@gmail.com<\/strong><br \/>\nLa Arquitectura del siglo XX del NOA: an\u00e1lisis y valoraci\u00f3n cr\u00edtica de la producci\u00f3n arquitect\u00f3nica del Movimiento Moderno, Tardomoderno y Posmoderno. Catalogaci\u00f3n, difusi\u00f3n y pautas de conservaci\u00f3n<\/td>\n<\/tr>\n<tr>\n<td>31<\/td>\n<td><a href=\"http:\/\/c1640832.ferozo.com\/nota.php?id=110\" target=\"_blank\" rel=\"noopener noreferrer\">(B617) C &#8211; 2018\/2022<\/a><br \/>\nDirectora:\u00a0<strong>ZUCCHI, HERNAN EMILIO\u00a0&#8211;\u00a0hzucchi@herrera.unt.edu.ar<\/strong><br \/>\nT\u00e9cnicas para el desarrollo de material educativo en entornos virtuales de aprendizaje<\/td>\n<\/tr>\n<\/tbody>\n<\/table>\n","protected":false},"excerpt":{"rendered":"<p>Proyectos PIUNT en desarrollo Listado de los proyectos PIUNT actualmente en desarrollo en la FAU. 1 Proyecto (B601) C &#8211;\u00a02018\/2022 [&hellip;]<\/p>\n","protected":false},"author":1,"featured_media":0,"parent":0,"menu_order":0,"comment_status":"closed","ping_status":"closed","template":"","meta":{"footnotes":"","_links_to":"","_links_to_target":""},"categories":[40],"tags":[50],"class_list":["post-1429","page","type-page","status-publish","hentry","category-investigacion","tag-proyectos-piunt"],"_links":{"self":[{"href":"http:\/\/xn--diseowebtucuman-1qb.com.ar\/fau\/wp-json\/wp\/v2\/pages\/1429","targetHints":{"allow":["GET"]}}],"collection":[{"href":"http:\/\/xn--diseowebtucuman-1qb.com.ar\/fau\/wp-json\/wp\/v2\/pages"}],"about":[{"href":"http:\/\/xn--diseowebtucuman-1qb.com.ar\/fau\/wp-json\/wp\/v2\/types\/page"}],"author":[{"embeddable":true,"href":"http:\/\/xn--diseowebtucuman-1qb.com.ar\/fau\/wp-json\/wp\/v2\/users\/1"}],"replies":[{"embeddable":true,"href":"http:\/\/xn--diseowebtucuman-1qb.com.ar\/fau\/wp-json\/wp\/v2\/comments?post=1429"}],"version-history":[{"count":5,"href":"http:\/\/xn--diseowebtucuman-1qb.com.ar\/fau\/wp-json\/wp\/v2\/pages\/1429\/revisions"}],"predecessor-version":[{"id":1867,"href":"http:\/\/xn--diseowebtucuman-1qb.com.ar\/fau\/wp-json\/wp\/v2\/pages\/1429\/revisions\/1867"}],"wp:attachment":[{"href":"http:\/\/xn--diseowebtucuman-1qb.com.ar\/fau\/wp-json\/wp\/v2\/media?parent=1429"}],"wp:term":[{"taxonomy":"category","embeddable":true,"href":"http:\/\/xn--diseowebtucuman-1qb.com.ar\/fau\/wp-json\/wp\/v2\/categories?post=1429"},{"taxonomy":"post_tag","embeddable":true,"href":"http:\/\/xn--diseowebtucuman-1qb.com.ar\/fau\/wp-json\/wp\/v2\/tags?post=1429"}],"curies":[{"name":"wp","href":"https:\/\/api.w.org\/{rel}","templated":true}]}}