{"id":1220,"date":"2020-01-27T15:48:12","date_gmt":"2020-01-27T15:48:12","guid":{"rendered":"http:\/\/xn--diseowebtucuman-1qb.com.ar\/fau\/?page_id=1220"},"modified":"2020-02-14T23:02:17","modified_gmt":"2020-02-14T23:02:17","slug":"1220-2","status":"publish","type":"page","link":"http:\/\/xn--diseowebtucuman-1qb.com.ar\/fau\/1220-2\/","title":{"rendered":"Postgrado Especializaci\u00f3n"},"content":{"rendered":"<h1 class=\"title\">Carrera de Especializaci\u00f3n en energ\u00eda, habitabilidad y arquitectura sustentable.<\/h1>\n<h4>Aprobada por el HCS (Resol. N\u00ba 0443\/2016) y presentada a CONEAU en abril 2016.<\/h4>\n<p>Respecto de la Especializaci\u00f3n en Arquitectura Sustentable (Res. HCS.UNT 0253-17 Carrera nueva N\u00ba12.075\/16 IF-2017-25215867-APN-CONEAU#ME), se busca fundamentalmente brindar la oportunidad al graduado universitario de las \u00e1reas relacionadas con el dise\u00f1o, construcci\u00f3n y control de edificios en sus variadas tipolog\u00edas y agrupamientos urbanos; realizar una profundizaci\u00f3n y ampliaci\u00f3n de conocimientos en los aspectos espec\u00edficos que hacen al dise\u00f1o y evaluaci\u00f3n del comportamiento energ\u00e9tico de edificios y conjuntos, tendiente a la habitabilidad de los espacios interiores y exteriores, al uso racional de la energ\u00eda ya la utilizaci\u00f3n de energ\u00edas renovables. Tiene como antecedente inmediato la Maestr\u00eda en Auditor\u00eda Energ\u00e9tica que fuera aprobada por el Honorable Consejo Superior de la Universidad Nacional de Tucum\u00e1n, el 12-07-1996 por Resoluci\u00f3n N&#8221; 919-1996 y la Carrera de Posgrado sobre &#8220;Auditor\u00eda Energ\u00e9tica y Utilizaci\u00f3n de Fuentes No Convencionales de Energ\u00eda en la Edificaci\u00f3n&#8221;, como programa de especializaci\u00f3n. La CONEAU aprob\u00f3 esta carrera por\u00a0 Resoluci\u00f3n N\u00ba 028-00, en el a\u00f1o 2000, como Carrera N\u00ba 3.079\/98. Se dict\u00f3 dos veces este mag\u00edster y en los \u00faltimos a\u00f1os (2008 en adelante) se retir\u00f3 como propuesta de posgrado, ya que se integraron cuatro m\u00f3dulos a la Carrera que ofrec\u00eda la FAU para el doctorado.<\/p>\n<p>Direcci\u00f3n, Codirecci\u00f3n, Comit\u00e9 Acad\u00e9mico.<\/p>\n<p>Modalidad, etc<\/p>\n<h1>Otras carreras Activas<\/h1>\n<p>Maestr\u00eda en Historia de la Arquitectura y del Urbanismo Latinoamericanos<\/p>\n<p>Iniciada en 1995, obtuvo acreditaci\u00f3n \u201cB\u201d en 1999 seg\u00fan Res. N\u00b0 690\/99 re-categorizada en el 2011por la CONEAU seg\u00fan Res.N\u00b0446\/011, continua hasta la actualidad.<\/p>\n<p>Maestr\u00eda en la Ense\u00f1anza de la Matem\u00e1tica en el Nivel Superior<\/p>\n<p>Iniciada en 1998, tuvo cuatro ediciones; fue acreditada por CONEAU, en 2006. Desde el a\u00f1o 2012, se realizan cursos de apoyo y talleres para la finalizaci\u00f3n de los trabajos de Tesis.<\/p>\n<hr \/>\n<div><\/div>\n","protected":false},"excerpt":{"rendered":"<p>Carrera de Especializaci\u00f3n en energ\u00eda, habitabilidad y arquitectura sustentable. Aprobada por el HCS (Resol. N\u00ba 0443\/2016) y presentada a CONEAU [&hellip;]<\/p>\n","protected":false},"author":1,"featured_media":1219,"parent":0,"menu_order":0,"comment_status":"closed","ping_status":"closed","template":"","meta":{"footnotes":"","_links_to":"","_links_to_target":""},"categories":[],"tags":[],"class_list":["post-1220","page","type-page","status-publish","has-post-thumbnail","hentry"],"_links":{"self":[{"href":"http:\/\/xn--diseowebtucuman-1qb.com.ar\/fau\/wp-json\/wp\/v2\/pages\/1220","targetHints":{"allow":["GET"]}}],"collection":[{"href":"http:\/\/xn--diseowebtucuman-1qb.com.ar\/fau\/wp-json\/wp\/v2\/pages"}],"about":[{"href":"http:\/\/xn--diseowebtucuman-1qb.com.ar\/fau\/wp-json\/wp\/v2\/types\/page"}],"author":[{"embeddable":true,"href":"http:\/\/xn--diseowebtucuman-1qb.com.ar\/fau\/wp-json\/wp\/v2\/users\/1"}],"replies":[{"embeddable":true,"href":"http:\/\/xn--diseowebtucuman-1qb.com.ar\/fau\/wp-json\/wp\/v2\/comments?post=1220"}],"version-history":[{"count":3,"href":"http:\/\/xn--diseowebtucuman-1qb.com.ar\/fau\/wp-json\/wp\/v2\/pages\/1220\/revisions"}],"predecessor-version":[{"id":1853,"href":"http:\/\/xn--diseowebtucuman-1qb.com.ar\/fau\/wp-json\/wp\/v2\/pages\/1220\/revisions\/1853"}],"wp:featuredmedia":[{"embeddable":true,"href":"http:\/\/xn--diseowebtucuman-1qb.com.ar\/fau\/wp-json\/wp\/v2\/media\/1219"}],"wp:attachment":[{"href":"http:\/\/xn--diseowebtucuman-1qb.com.ar\/fau\/wp-json\/wp\/v2\/media?parent=1220"}],"wp:term":[{"taxonomy":"category","embeddable":true,"href":"http:\/\/xn--diseowebtucuman-1qb.com.ar\/fau\/wp-json\/wp\/v2\/categories?post=1220"},{"taxonomy":"post_tag","embeddable":true,"href":"http:\/\/xn--diseowebtucuman-1qb.com.ar\/fau\/wp-json\/wp\/v2\/tags?post=1220"}],"curies":[{"name":"wp","href":"https:\/\/api.w.org\/{rel}","templated":true}]}}