{"id":1216,"date":"2020-01-27T15:38:09","date_gmt":"2020-01-27T15:38:09","guid":{"rendered":"http:\/\/xn--diseowebtucuman-1qb.com.ar\/fau\/?page_id=1216"},"modified":"2020-02-14T22:58:24","modified_gmt":"2020-02-14T22:58:24","slug":"postgrado-doctorado","status":"publish","type":"page","link":"http:\/\/xn--diseowebtucuman-1qb.com.ar\/fau\/postgrado-doctorado\/","title":{"rendered":"Postgrado Doctorado"},"content":{"rendered":"<h1 class=\"title\">Investigaci\u00f3n y Posgrado | Doctorado<\/h1>\n<p>La ense\u00f1anza de\u00a0Posgrado\u00a0que se imparte en la Facultad se realiza a trav\u00e9s de Actividades de Postgrado denominadas de formaci\u00f3n continua \u201cCursos\u201d y Carreras de Doctorado, Maestr\u00eda y Especializaci\u00f3n (Las Carreras son conducentes a t\u00edtulos acad\u00e9micos), Ambas situaciones \u2013 Formaci\u00f3n Continua y Carreras \u2013 son regidos por las especificaciones previstas en el Reglamento de Postgrado de la UNT y el correspondiente al de la FAU : UNT.<\/p>\n<p>Las Actividades de Postgrado de formaci\u00f3n continua constituyen espacios acad\u00e9micos no conducentes a t\u00edtulo, destinados a la capacitaci\u00f3n, actualizaci\u00f3n y\/o el perfeccionamiento de profesionales, docentes y\/o investigadores, en un \u00e1rea tem\u00e1tica.<\/p>\n<p>Dentro de estas actividades pueden ser incluidos cursos de perfeccionamiento (que profundizan un estrecho campo del conocimiento), cursos de especializaci\u00f3n (formativos, preferentemente con enfoques interdisciplinarios), cursos de actualizaci\u00f3n (destinados a poner al d\u00eda a los graduados respecto de los conocimientos que surgen o evolucionan como consecuencia de los avances cient\u00edficos I tecnol\u00f3gicos), seminarios y talleres (tendientes a promover la transferencia del conocimiento de modo casi horizontal, por medio de la presentaci\u00f3n y debate de temas en desarrollo o investigaciones en etapa de finalizaci\u00f3n), disertaciones de divulgaci\u00f3n t\u00e9cnicas (exposiciones de finalidad introductoria).<\/p>\n<p>Los participantes del dictado de los Cursos de Postgrado de formaci\u00f3n continua que no conducen a titulo podr\u00e1n ser:<\/p>\n<ul>\n<li>Docentes Graduados de todos los niveles de la Facultad<\/li>\n<li>Profesores Visitantes<\/li>\n<li>Investigadores o Profesionales de reconocido prestigio<\/li>\n<\/ul>\n<p>La realizaci\u00f3n de las Actividades de Postgrado debe ser aprobada por el Honorable Consejo Acad\u00e9mico previa evaluaci\u00f3n por parte del Consejo de Graduados de la FAU.La certificaci\u00f3n de asistencia y de aprobaci\u00f3n (en los casos que corresponda) se realizar\u00e1 a trav\u00e9s de la Secretar\u00eda de Postgrado.En el caso de los certificados de aprobaci\u00f3n, constar\u00e1 expl\u00edcitamente: nombre del curso, fecha, duraci\u00f3n y calificaci\u00f3n obtenida.<\/p>\n<h1>Doctorado en Arquitectura<\/h1>\n<div>\n<p>Iniciado en 2010, reformulado y presentado ante CONEAU en Septiembre 2015 para su Acreditaci\u00f3n.<br \/>\nActualmente se encuentra en fase de evaluaci\u00f3n por CONEAU.<\/p>\n<p>Respecto del Doctorado en Arquitectura\u00a0 se busca constituir un \u00e1mbito de excelencia acad\u00e9mica en educaci\u00f3n superior con el prop\u00f3sito de formar recursos humanos capaces de contribuir a la producci\u00f3n de conocimientos innovadores y originales en el campo de la arquitectura y del urbanismo, con claro sentido \u00e9tico y compromiso social, alentando el desarrollo de procesos inter y trans-disciplinares y de m\u00e9todos y estrategias de investigaci\u00f3n que faciliten el abordaje de problem\u00e1ticas complejas y multidimensionales, entendiendo que la excelencia del conocimiento producido constituir\u00e1 una contribuci\u00f3n al avance del conocimiento universal y regional y un aporte significativo a los requerimientos de la sociedad.<\/p>\n<p>La FAU contaba hist\u00f3ricamente con un Doctorado Tutorial, en la d\u00e9cada del 2000 se comenz\u00f3 a trabajar en una carrera de doctorado Semi Estructurada, creada finalmente en 2009 (Resol. 1221\/09 HCS). En 2010, CONEAU abri\u00f3 la convocatoria de Acreditaci\u00f3n de posgrados y la carrera fue presentada para acreditaci\u00f3n del t\u00edtulo, pero no obtuvo la aprobaci\u00f3n correspondiente. Entre 2014 y 2015, fue reformulada para adecuarla:<br \/>\na) la Resoluci\u00f3n Ministerial N\u00b0160\/2011;<br \/>\nb) dar respuesta a las observaciones del Comit\u00e9 de Pares efectuadas en la evaluaci\u00f3n del 6 de Septiembre de 2010<br \/>\nc) ajustar el Plan de Estudios y la reglamentaci\u00f3n del Doctorado.<\/p>\n<p>Presentada a CONEAU en octubre de 2015, la Carrera obtiene finalmente su Acreditaci\u00f3n (RESFC-2016-69-E-APN-CONEAU-ME). Desde all\u00ed se apoya la asistencia de docentes alumnos a las cl\u00ednicas de tesis realizadas en m\u00e1s de una oportunidad en cada a\u00f1o y se articula con la RED Docasur (Red de doctorados en Arquitectura del ARQUISUR), de la cual nuestra Facultad es miembro fundador.<\/p>\n<p>Direcci\u00f3n:<\/p>\n<p>Codirecci\u00f3n:<\/p>\n<p>Comit\u00e9 Acad\u00e9mico:<\/p>\n<p>Modalidad, etc<\/p>\n<h4>Informes:<\/h4>\n<p>Secretar\u00eda de Posgrado &#8211; Facultad de Arquitectura y Urbanismo &#8211; UNT<br \/>\nAv. Roca 1900. Block Arquitectura. 2\u00ba piso \u2013 Tel. (381) 4107541<br \/>\nMail: postgrado.arq.tuc@herrera.unt.edu.ar<\/p>\n<hr \/>\n<div><\/div>\n<\/div>\n","protected":false},"excerpt":{"rendered":"<p>Investigaci\u00f3n y Posgrado | Doctorado La ense\u00f1anza de\u00a0Posgrado\u00a0que se imparte en la Facultad se realiza a trav\u00e9s de Actividades de [&hellip;]<\/p>\n","protected":false},"author":1,"featured_media":1214,"parent":0,"menu_order":0,"comment_status":"closed","ping_status":"closed","template":"","meta":{"footnotes":"","_links_to":"","_links_to_target":""},"categories":[],"tags":[],"class_list":["post-1216","page","type-page","status-publish","has-post-thumbnail","hentry"],"_links":{"self":[{"href":"http:\/\/xn--diseowebtucuman-1qb.com.ar\/fau\/wp-json\/wp\/v2\/pages\/1216","targetHints":{"allow":["GET"]}}],"collection":[{"href":"http:\/\/xn--diseowebtucuman-1qb.com.ar\/fau\/wp-json\/wp\/v2\/pages"}],"about":[{"href":"http:\/\/xn--diseowebtucuman-1qb.com.ar\/fau\/wp-json\/wp\/v2\/types\/page"}],"author":[{"embeddable":true,"href":"http:\/\/xn--diseowebtucuman-1qb.com.ar\/fau\/wp-json\/wp\/v2\/users\/1"}],"replies":[{"embeddable":true,"href":"http:\/\/xn--diseowebtucuman-1qb.com.ar\/fau\/wp-json\/wp\/v2\/comments?post=1216"}],"version-history":[{"count":2,"href":"http:\/\/xn--diseowebtucuman-1qb.com.ar\/fau\/wp-json\/wp\/v2\/pages\/1216\/revisions"}],"predecessor-version":[{"id":1852,"href":"http:\/\/xn--diseowebtucuman-1qb.com.ar\/fau\/wp-json\/wp\/v2\/pages\/1216\/revisions\/1852"}],"wp:featuredmedia":[{"embeddable":true,"href":"http:\/\/xn--diseowebtucuman-1qb.com.ar\/fau\/wp-json\/wp\/v2\/media\/1214"}],"wp:attachment":[{"href":"http:\/\/xn--diseowebtucuman-1qb.com.ar\/fau\/wp-json\/wp\/v2\/media?parent=1216"}],"wp:term":[{"taxonomy":"category","embeddable":true,"href":"http:\/\/xn--diseowebtucuman-1qb.com.ar\/fau\/wp-json\/wp\/v2\/categories?post=1216"},{"taxonomy":"post_tag","embeddable":true,"href":"http:\/\/xn--diseowebtucuman-1qb.com.ar\/fau\/wp-json\/wp\/v2\/tags?post=1216"}],"curies":[{"name":"wp","href":"https:\/\/api.w.org\/{rel}","templated":true}]}}