{"id":1210,"date":"2020-01-27T15:29:08","date_gmt":"2020-01-27T15:29:08","guid":{"rendered":"http:\/\/xn--diseowebtucuman-1qb.com.ar\/fau\/?page_id=1210"},"modified":"2020-02-14T22:52:33","modified_gmt":"2020-02-14T22:52:33","slug":"grado-arquitectura","status":"publish","type":"page","link":"http:\/\/xn--diseowebtucuman-1qb.com.ar\/fau\/grado-arquitectura\/","title":{"rendered":"Grado Arquitectura"},"content":{"rendered":"<h1 class=\"title\">Carrera de Arquitectura y Urbanismo<\/h1>\n<p>La carrera de grado est\u00e1 destinada a la formaci\u00f3n de Arquitectos. Los ejes estrat\u00e9gicos para su dise\u00f1o e implementaci\u00f3n representan un proyecto construido y optimizado en forma continua mediante consensos; ello permite avanzar en la resoluci\u00f3n de los problemas planteados en peri\u00f3dicas evaluaciones.<\/p>\n<p>Actualmente coexisten dos planes de estudios: Plan 1979\/3 y\u00a0 Plan 2008.<\/p>\n<p>La carrera tuvo su \u00faltima acreditaci\u00f3n por CONEAU en el a\u00f1o 2016 y lo hizo por 6 a\u00f1os.<\/p>\n<p>&nbsp;<\/p>\n<h5><strong>Plan 2008<\/strong><\/h5>\n<p>Para descargar el Plan en formato PDF |\u00a0<strong><a href=\"http:\/\/c1640832.ferozo.com\/zd_admin\/UPLOADS\/archivos\/1572399139__plan2008.pdf\" target=\"_blank\" rel=\"noopener noreferrer\">Descargar<\/a><\/strong><\/p>\n<p>&nbsp;<\/p>\n<h5><strong>Plan 79\/3<\/strong><\/h5>\n<p>Para descargar el Plan en formato PDF |\u00a0\u00a0<strong><a href=\"http:\/\/c1640832.ferozo.com\/zd_admin\/UPLOADS\/archivos\/1572399099__Plan-1979.pdf\" target=\"_blank\" rel=\"noopener noreferrer\">Descargar<\/a><\/strong><\/p>\n<p>&nbsp;<\/p>\n<h5><strong>Informe de Autoevaluaci\u00f3n Institucional CONEAU 2016 \/ ARCUSUR<\/strong><\/h5>\n<p>Presentaci\u00f3n FAU |\u00a0<strong><a href=\"http:\/\/c1640832.ferozo.com\/zd_admin\/UPLOADS\/archivos\/1572400849__Presentaci%C3%B3n_Fau.pdf\" target=\"_blank\" rel=\"noopener noreferrer\">Descargar<\/a><\/strong><\/p>\n<p>Dimensi\u00f3n 1: Contexto Institucional |\u00a0<strong><a href=\"http:\/\/c1640832.ferozo.com\/zd_admin\/UPLOADS\/archivos\/1572400901__Dim1-Fau.pdf\" target=\"_blank\" rel=\"noopener noreferrer\">Descargar<\/a><\/strong><\/p>\n<p>Dimensi\u00f3n 2: Planes de Estudio |\u00a0<strong><a href=\"http:\/\/c1640832.ferozo.com\/zd_admin\/UPLOADS\/archivos\/1572400993__Dim2-Fau.pdf\" target=\"_blank\" rel=\"noopener noreferrer\">Descargar<\/a><\/strong><\/p>\n<p>Dimensi\u00f3n 3: Cuerpo Docente |\u00a0<strong><a href=\"http:\/\/c1640832.ferozo.com\/zd_admin\/UPLOADS\/archivos\/1572401030__Dim3-Fau.pdf\" target=\"_blank\" rel=\"noopener noreferrer\">Descargar<\/a><\/strong><\/p>\n<p>Dimensi\u00f3n 4: Alumnos y Graduados |\u00a0<strong><a href=\"http:\/\/c1640832.ferozo.com\/zd_admin\/UPLOADS\/archivos\/1572401074__Dim4-Fau.pdf\" target=\"_blank\" rel=\"noopener noreferrer\">Descargar<\/a><\/strong><\/p>\n<p>Dimensi\u00f3n 5: Infraestructura y Equipamiento |\u00a0<strong><a href=\"http:\/\/c1640832.ferozo.com\/zd_admin\/UPLOADS\/archivos\/1572401115__Dim5-Fau.pdf\" target=\"_blank\" rel=\"noopener noreferrer\">Descargar<\/a><\/strong><\/p>\n<hr \/>\n<div><\/div>\n","protected":false},"excerpt":{"rendered":"<p>Carrera de Arquitectura y Urbanismo La carrera de grado est\u00e1 destinada a la formaci\u00f3n de Arquitectos. Los ejes estrat\u00e9gicos para [&hellip;]<\/p>\n","protected":false},"author":1,"featured_media":1211,"parent":0,"menu_order":0,"comment_status":"closed","ping_status":"closed","template":"","meta":{"footnotes":"","_links_to":"","_links_to_target":""},"categories":[],"tags":[],"class_list":["post-1210","page","type-page","status-publish","has-post-thumbnail","hentry"],"_links":{"self":[{"href":"http:\/\/xn--diseowebtucuman-1qb.com.ar\/fau\/wp-json\/wp\/v2\/pages\/1210","targetHints":{"allow":["GET"]}}],"collection":[{"href":"http:\/\/xn--diseowebtucuman-1qb.com.ar\/fau\/wp-json\/wp\/v2\/pages"}],"about":[{"href":"http:\/\/xn--diseowebtucuman-1qb.com.ar\/fau\/wp-json\/wp\/v2\/types\/page"}],"author":[{"embeddable":true,"href":"http:\/\/xn--diseowebtucuman-1qb.com.ar\/fau\/wp-json\/wp\/v2\/users\/1"}],"replies":[{"embeddable":true,"href":"http:\/\/xn--diseowebtucuman-1qb.com.ar\/fau\/wp-json\/wp\/v2\/comments?post=1210"}],"version-history":[{"count":9,"href":"http:\/\/xn--diseowebtucuman-1qb.com.ar\/fau\/wp-json\/wp\/v2\/pages\/1210\/revisions"}],"predecessor-version":[{"id":1843,"href":"http:\/\/xn--diseowebtucuman-1qb.com.ar\/fau\/wp-json\/wp\/v2\/pages\/1210\/revisions\/1843"}],"wp:featuredmedia":[{"embeddable":true,"href":"http:\/\/xn--diseowebtucuman-1qb.com.ar\/fau\/wp-json\/wp\/v2\/media\/1211"}],"wp:attachment":[{"href":"http:\/\/xn--diseowebtucuman-1qb.com.ar\/fau\/wp-json\/wp\/v2\/media?parent=1210"}],"wp:term":[{"taxonomy":"category","embeddable":true,"href":"http:\/\/xn--diseowebtucuman-1qb.com.ar\/fau\/wp-json\/wp\/v2\/categories?post=1210"},{"taxonomy":"post_tag","embeddable":true,"href":"http:\/\/xn--diseowebtucuman-1qb.com.ar\/fau\/wp-json\/wp\/v2\/tags?post=1210"}],"curies":[{"name":"wp","href":"https:\/\/api.w.org\/{rel}","templated":true}]}}