{"id":1201,"date":"2020-01-24T22:51:13","date_gmt":"2020-01-24T22:51:13","guid":{"rendered":"http:\/\/xn--diseowebtucuman-1qb.com.ar\/fau\/?page_id=1201"},"modified":"2020-02-12T02:05:20","modified_gmt":"2020-02-12T02:05:20","slug":"tenicatura-tudit","status":"publish","type":"page","link":"http:\/\/xn--diseowebtucuman-1qb.com.ar\/fau\/tenicatura-tudit\/","title":{"rendered":"Tecnicatura (TUDIT)"},"content":{"rendered":"<p>[vc_row][vc_column][vc_column_text]<\/p>\n<h4><strong>Tecnicatura Universitaria en Dise\u00f1o de Indumentaria y Textil<\/strong><\/h4>\n<h6><strong>I- Unidad Acad\u00e9mica<\/strong><\/h6>\n<p><strong>Facultad de Arquitectura y Urbanismo \u2013 Universidad Nacional de Tucum\u00e1n<\/strong><\/p>\n<h6><strong>II- Carrera<\/strong><\/h6>\n<p><strong>Tecnicatura Universitaria en Dise\u00f1o de Indumentaria y Textil<\/strong><\/p>\n<h6><strong>III- T\u00edtulo<\/strong><\/h6>\n<p><strong>T\u00e9cnico Dise\u00f1ador Universitario de Indumentaria y Textil<\/strong><\/p>\n<p>R\u00e9gimen de Cursado: <strong>Presencial<\/strong><\/p>\n<p>Duraci\u00f3n: <strong>3 (tres) a\u00f1os, 6 (seis) semestres<\/strong><\/p>\n<p>Materias: <strong>36<\/strong><\/p>\n<p>Carga Horaria Total: <strong>1860 hs.<\/strong><\/p>\n<h6><strong>IV- Fundamentaci\u00f3n de la carrera<\/strong><\/h6>\n<p>El Dise\u00f1o de Indumentaria es la actividad proyectual que se ocupa de los procedimientos fundados en la pr\u00e1ctica y la experiencia por medio de la cual los prop\u00f3sitos del vestir se traducen en formas concretas y consecuentes.<\/p>\n<p>El proceso conducente hacia los objetos que constituyen el universo de la indumentaria tendr\u00e1n en cuenta las necesidades humanas, como as\u00ed tambi\u00e9n los aspectos t\u00e9cnicos, sociales y econ\u00f3micos pertenecientes a las modalidades productivas y culturales de la sociedad en la que se inscribe.<\/p>\n<p>La Facultad de Arquitectura y Urbanismo de la Universidad Nacional de Tucum\u00e1n tiene la voluntad pol\u00edtica de la creaci\u00f3n de la Tecnicatura en Dise\u00f1o de Indumentaria y Textil, respondiendo a la identificaci\u00f3n de un \u00e1rea de vacancia en el sector. El rol de esta tecnicatura consiste en profesionalizar esta pr\u00e1ctica proponiendo la especialidad t\u00e9cnica de la misma.<\/p>\n<p>El dise\u00f1o de indumentaria propone nuevos modos de pensar el cuerpo y sus relaciones espaciales. Redise\u00f1ar el cuerpo y el espacio significa tomar al textil como articulador de dos paisajes: cuerpo y contexto. Paisajes que encarnan cuestiones relativas a la identidad, al lenguaje mediante el cual se expresa una comunidad y sus v\u00ednculos.<\/p>\n<p>Tucum\u00e1n es un polo de dise\u00f1o en nuestra regi\u00f3n. La mayor\u00eda de los dise\u00f1adores locales son autodidactas o provienen de disciplinas afines al dise\u00f1o como la arquitectura o las artes pl\u00e1sticas. La provincia cuenta con centros privados que ofrecen formaci\u00f3n espec\u00edfica en dise\u00f1o de moda.<\/p>\n<p>Nuestra provincia es tambi\u00e9n un importante productor de textiles artesanales. Esta pr\u00e1ctica se encuentra escindida de la producci\u00f3n de los dise\u00f1adores locales, es por ello que una de las metas que esta tecnicatura pretende alcanzar es la integraci\u00f3n de esas t\u00e9cnicas a la producci\u00f3n de dise\u00f1o de indumentaria.<\/p>\n<p>Es as\u00ed que, la presente tecnicatura propone un cruce de disciplinas que dotar\u00e1 a la pedagog\u00eda y a la pr\u00e1ctica del dise\u00f1o de una identidad regional. Dise\u00f1ar el textil, la indumentaria y el espacio, entendi\u00e9ndolos como una continuidad, marca la pauta de trabajo que se convertir\u00e1 en la cualidad de nuestro programa y su sello distintivo.<\/p>\n<h6><strong>V- Alcances del T\u00edtulo<\/strong><\/h6>\n<p>El t\u00edtulo de T\u00e9cnico Dise\u00f1ador Universitario de Indumentaria y Textil permitir\u00e1 intervenir y asistir a los profesionales que programan, proyectan, coordinan y organizan emprendimientos de dise\u00f1o de indumentaria y textil. Se capacitar\u00e1 a los estudiantes para gestionar proyectos de producci\u00f3n de indumentaria y textiles, participando en el dise\u00f1o y desarrollo de productos y art\u00edculos textiles y de indumentaria para la industria, el comercio y los servicios.<\/p>\n<p><strong>Perfil del egresado<\/strong><\/p>\n<p>El egresado deber\u00e1 ser:<\/p>\n<p>Capaz de intervenir en la programaci\u00f3n, coordinaci\u00f3n y organizaci\u00f3n de las etapas del proceso de producci\u00f3n de indumentaria y textil.<br \/>\nCapaz de desempe\u00f1arse en \u00e1reas de dise\u00f1o y producci\u00f3n de empresas que desarrollen indumentaria y textiles.<br \/>\nCapaz de desarrollar productos de indumentaria y textil para la industria, el comercio y los servicios.<br \/>\nCapaz de innovar y proponer nuevas soluciones a problem\u00e1ticas del dise\u00f1o de indumentaria y textil locales .<br \/>\nCapaz de dirigir y ejecutar proyectos de dise\u00f1o de espacios ef\u00edmeros destinados a la producci\u00f3n y comercializaci\u00f3n de indumentaria.<\/p>\n<h6><strong>VI- Objetivos<\/strong><\/h6>\n<p><strong>Objetivo General:<\/strong><\/p>\n<p>Formar t\u00e9cnicos capaces de participar y contribuir en el dise\u00f1o y producci\u00f3n de indumentaria y textil, bas\u00e1ndose en requerimientos funcionales y est\u00e9ticos, por medio del reconocimiento y manejo de los c\u00f3digos que intervienen en su producci\u00f3n, a trav\u00e9s de la capacitaci\u00f3n t\u00e9cnica para la representaci\u00f3n e interpretaci\u00f3n gr\u00e1fica, confecci\u00f3n de prototipos, moldes, planificaci\u00f3n interna y gesti\u00f3n de empresas de dise\u00f1o, para insertarse en el mundo del dise\u00f1o de indumentaria y textil desde una perspectiva local con proyecci\u00f3n nacional e internacional.<\/p>\n<p><strong>Objetivos espec\u00edficos:<\/strong><\/p>\n<p>Ofrecer m\u00e9todos y herramientas t\u00e9cnicas que permitan al egresado identificar y responder a las diferentes problem\u00e1ticas de la empresa de indumentaria y textil.<br \/>\nBrindar conocimiento, experiencia y habilidades para intervenir en el dise\u00f1o de colecciones, prendas de vestir y accesorios de la producci\u00f3n de autor, industrial y para cine, teatro y televisi\u00f3n.<br \/>\nPreparar t\u00e9cnicos id\u00f3neos capaces de realizar con solvencia t\u00e9cnica y est\u00e9tica los proyectos necesarios para la sustentabilidad, eficacia y competencia de la empresa de moda.<br \/>\nCapacitar a dise\u00f1adores para participar en equipos interdisciplinarios de proyectos y producci\u00f3n.<br \/>\nConcientizar sobre la conveniencia y necesidad de la inclusi\u00f3n de t\u00e9cnicos dise\u00f1adores de indumentaria y textil a las estructuras productivas, para agregar valor por medio de la generaci\u00f3n de un producto diferenciado.<\/p>\n<h6><strong>VII- Requisitos de Ingreso<\/strong><\/h6>\n<p>El ingreso se regir\u00e1 por lo establecido por Resoluci\u00f3n N\u00ba 2056\/89 y por Resoluci\u00f3n N\u00ba 0819\/96 y de conformidad a lo expresado en el Art. 7\u00ba de la Ley N\u00ba 24.521 -Ley de Educaci\u00f3n Superior-:<\/p>\n<p>\u201cPara ingresar como alumno a las instituciones de nivel superior, se debe haber aprobado el nivel medio o el ciclo polimodal de ense\u00f1anza. Excepcionalmente, los mayores de 25 a\u00f1os que no re\u00fanan esa condici\u00f3n, podr\u00e1n ingresar siempre que demuestren, a trav\u00e9s de las evaluaciones que las provincias, la Municipalidad de la Ciudad de Buenos Aires o las universidades en su caso establezcan, que tienen preparaci\u00f3n y\/o experiencia laboral acorde con los estudios que se proponen iniciar, as\u00ed como aptitudes y conocimientos suficientes para cursarlos satisfactoriamente.\u201d<\/p>\n<h6><strong>VIII- Plan de Estudios<\/strong><\/h6>\n<p>La tecnicatura en Dise\u00f1o de Indumentaria y Textil se organiza en 4 \u00e1reas de conocimiento. Se propone el cursado de 36 materias para completar un total de 1860 hs. entre clases te\u00f3ricas y pr\u00e1cticas.<\/p>\n<p>El 1er a\u00f1o se enfocar\u00e1 en la adquisici\u00f3n de los conceptos b\u00e1sicos del dise\u00f1o, la cultura y la metodolog\u00eda proyectual en las tres \u00e1reas de la tecnicatura: indumentaria, textil y espacio.<\/p>\n<p>En el 2do a\u00f1o se ense\u00f1ar\u00e1n las t\u00e9cnicas espec\u00edficas de dise\u00f1o: patronaje, ilustraci\u00f3n, historia, ergonom\u00eda y sociolog\u00eda, profundizando en las tres \u00e1reas mencionadas.<\/p>\n<p>En el 3er a\u00f1o el alumno se especializar\u00e1 en un itinerario. Se llevar\u00e1 a cabo el proyecto final de carrera, que servir\u00e1 como carta de presentaci\u00f3n al mundo profesional.<\/p>\n<h6><strong>1- \u00c1reas de Conocimiento<\/strong><\/h6>\n<p>\u00c1rea Dise\u00f1o (AD): Taller de Dise\u00f1o &#8211; Morfolog\u00eda &#8211; Representaci\u00f3n &#8211; Ergonom\u00eda &#8211; Laboratorio Textil<br \/>\n\u00c1rea Producci\u00f3n (AP): Molder\u00eda &#8211; T\u00e9cnicas de Producci\u00f3n &#8211; Materiales Textiles<br \/>\n\u00c1rea Cultural(AC): Historia del Arte &#8211; Sociolog\u00eda &#8211; Filosof\u00eda<br \/>\n\u00c1rea Gesti\u00f3n(AG): Comunicaci\u00f3n y Comercializaci\u00f3n &#8211; Gesti\u00f3n Empresarial &#8211; Costos y Planificaci\u00f3n<\/p>\n<h6><strong>2. Metodolog\u00eda Pedag\u00f3gica<\/strong><\/h6>\n<p>Clases te\u00f3rico\/pr\u00e1cticas. Modalidad de talleres cuatrimestrales.<\/p>\n<p>La tecnicatura est\u00e1 dise\u00f1ada desde la praxis de los procesos creativos y su verificaci\u00f3n en el contexto local, en un proceso donde pr\u00e1ctica y teor\u00eda se retroalimentan constantemente. Los conocimientos te\u00f3ricos servir\u00e1n de apoyo a los alumnos para el desarrollo de su propio lenguaje expresivo. El objetivo principal es brindar las herramientas necesarias para la creaci\u00f3n de una gram\u00e1tica de la indumentaria y del espacio, as\u00ed como tambi\u00e9n desarrollar los modos de comunicaci\u00f3n de los diferentes proyectos.<\/p>\n<p>Las clases te\u00f3ricas se plantear\u00e1n como retroalimentaci\u00f3n de la pr\u00e1ctica proyectual. La pr\u00e1ctica, junto a la investigaci\u00f3n de cada estudiante y las clases te\u00f3ricas, son las partes centrales de esta tecnicatura. Habr\u00e1 dos instancias de evaluaci\u00f3n una grupal y otra individual.<\/p>\n<p>Se prev\u00e9 una carga horaria semanal de 26 horas, a fin de permitir el cursado vespertino a personas que trabajan.<\/p>\n<h6><strong>3. R\u00e9gimen de cursado y sistema de evaluaci\u00f3n<\/strong><\/h6>\n<p>Todas las materias ser\u00e1n de car\u00e1cter <strong>promocional<\/strong>.<br \/>\nCursado presencial <strong>te\u00f3rico-pr\u00e1ctico<\/strong>.<br \/>\nAprobaci\u00f3n de ejercicios espec\u00edficos y de aplicaci\u00f3n proyectual.<br \/>\nPromoci\u00f3n con nota m\u00ednima de <strong>6 puntos.<\/strong><\/p>\n<hr \/>\n<div><\/div>\n<p>[\/vc_column_text][\/vc_column][\/vc_row]<\/p>\n","protected":false},"excerpt":{"rendered":"<p>[vc_row][vc_column][vc_column_text] Tecnicatura Universitaria en Dise\u00f1o de Indumentaria y Textil I- Unidad Acad\u00e9mica Facultad de Arquitectura y Urbanismo \u2013 Universidad Nacional [&hellip;]<\/p>\n","protected":false},"author":1,"featured_media":1208,"parent":0,"menu_order":0,"comment_status":"closed","ping_status":"closed","template":"","meta":{"footnotes":"","_links_to":"","_links_to_target":""},"categories":[],"tags":[],"class_list":["post-1201","page","type-page","status-publish","has-post-thumbnail","hentry"],"_links":{"self":[{"href":"http:\/\/xn--diseowebtucuman-1qb.com.ar\/fau\/wp-json\/wp\/v2\/pages\/1201","targetHints":{"allow":["GET"]}}],"collection":[{"href":"http:\/\/xn--diseowebtucuman-1qb.com.ar\/fau\/wp-json\/wp\/v2\/pages"}],"about":[{"href":"http:\/\/xn--diseowebtucuman-1qb.com.ar\/fau\/wp-json\/wp\/v2\/types\/page"}],"author":[{"embeddable":true,"href":"http:\/\/xn--diseowebtucuman-1qb.com.ar\/fau\/wp-json\/wp\/v2\/users\/1"}],"replies":[{"embeddable":true,"href":"http:\/\/xn--diseowebtucuman-1qb.com.ar\/fau\/wp-json\/wp\/v2\/comments?post=1201"}],"version-history":[{"count":12,"href":"http:\/\/xn--diseowebtucuman-1qb.com.ar\/fau\/wp-json\/wp\/v2\/pages\/1201\/revisions"}],"predecessor-version":[{"id":1607,"href":"http:\/\/xn--diseowebtucuman-1qb.com.ar\/fau\/wp-json\/wp\/v2\/pages\/1201\/revisions\/1607"}],"wp:featuredmedia":[{"embeddable":true,"href":"http:\/\/xn--diseowebtucuman-1qb.com.ar\/fau\/wp-json\/wp\/v2\/media\/1208"}],"wp:attachment":[{"href":"http:\/\/xn--diseowebtucuman-1qb.com.ar\/fau\/wp-json\/wp\/v2\/media?parent=1201"}],"wp:term":[{"taxonomy":"category","embeddable":true,"href":"http:\/\/xn--diseowebtucuman-1qb.com.ar\/fau\/wp-json\/wp\/v2\/categories?post=1201"},{"taxonomy":"post_tag","embeddable":true,"href":"http:\/\/xn--diseowebtucuman-1qb.com.ar\/fau\/wp-json\/wp\/v2\/tags?post=1201"}],"curies":[{"name":"wp","href":"https:\/\/api.w.org\/{rel}","templated":true}]}}